{"id":160,"date":"2014-12-12T09:41:02","date_gmt":"2014-12-12T09:41:02","guid":{"rendered":"http:\/\/research.hip.fi\/hwp\/acctech\/?page_id=160"},"modified":"2014-12-12T09:41:02","modified_gmt":"2014-12-12T09:41:02","slug":"people","status":"publish","type":"page","link":"https:\/\/www.hip.fi\/accelerator-technology\/m-s-m\/people\/","title":{"rendered":"People"},"content":{"rendered":"<h1>Current group members<\/h1>\n<div style=\"clear: left\">\n<h2><\/h2>\n<h2>Markus Aicheler, Ph.D.<\/h2>\n<p>Group leader<\/p>\n<hr>\n<h2>Jukka V\u00e4in\u00f6l\u00e4, M.Sc.(Tech.)<\/h2>\n<p>PhD Student<br \/>\nProject: CLIC<\/p>\n<h2>Risto Montonen, M.Sc.<\/h2>\n<p>PhD Student<br \/>\nProject: CLIC &#8220;Development of a non-destructive method with micron precision to measure the internal shape of the CLIC accelerating structure disk stack using Fourier Domain Short Coherence Interferometry (FDSCI).&#8221;<\/p>\n<h2>Antti Meril\u00e4inen, M.Sc.<\/h2>\n<p>PhD Student<br \/>\nProject: CLIC &#8220;Development of a rapid ultralow pressure manometer to dynamically measure the outgassing from a RF loaded structure during one RF pulse&#8221;<\/p>\n<h2>Axi Holmstr\u00f6m, M.Sc.<\/h2>\n<\/div>\n<p>PhD Student<br \/>\nProject: &#8220;Thermoaccoustic refrigeration of a silicon chip in vacuum for CERN&#8217;s rest-gas ionisation monitor&#8221;<\/p>\n<h2>Anastasiya Magazinik, M.Sc.<\/h2>\n<p>PhD Student at CERN<\/p>\n<p>CLIC \u201cIndustrialization of CLIC technologies and its societal impact\u201d.<\/p>\n<h2>Oskari Willman, B.Sc.<\/h2>\n<p>Masters Student for AMMDA<\/p>\n<p>AMMDA project with thesis topic: &#8220;Industrial collaboration within accelerator and detector mechanics at CERN&#8221;<\/p>\n<div style=\"clear: left\">\n<div style=\"clear: left\">\n<hr>\n<h1>Former group members<\/h1>\n<h2>Antti Moilanen, M.Sc.<\/h2>\n<p>Technical student CERN<br \/>\nProject: CLIC &#8220;Development of a structural and thermal simulation model of the complete CLIC Module and related material behaviour simulations&#8221;<\/p>\n<h2>Anastasia Xydou, M.Sc.<\/h2>\n<p>PhD Student at University of Patras\/Greece<br \/>\nProject: CLIC &#8220;Experimental and theoretical study of the thermal joining of the CLIC accelerating structure through bonding&#8221;<\/p>\n<hr>\n<\/div>\n<\/div>\n","protected":false},"excerpt":{"rendered":"<p>Current group members Markus Aicheler, Ph.D. Group leader Jukka V\u00e4in\u00f6l\u00e4, M.Sc.(Tech.) PhD Student Project: CLIC Risto Montonen, M.Sc. PhD Student Project: CLIC &#8220;Development of a non-destructive method with micron precision to measure the internal shape of the CLIC accelerating structure disk stack using Fourier Domain Short Coherence Interferometry (FDSCI).&#8221; Antti Meril\u00e4inen, M.Sc. PhD Student Project: [&hellip;]<\/p>\n","protected":false},"author":1,"featured_media":0,"parent":131,"menu_order":0,"comment_status":"closed","ping_status":"closed","template":"","meta":{"footnotes":""},"class_list":["post-160","page","type-page","status-publish","hentry","post"],"_links":{"self":[{"href":"https:\/\/www.hip.fi\/accelerator-technology\/wp-json\/wp\/v2\/pages\/160","targetHints":{"allow":["GET"]}}],"collection":[{"href":"https:\/\/www.hip.fi\/accelerator-technology\/wp-json\/wp\/v2\/pages"}],"about":[{"href":"https:\/\/www.hip.fi\/accelerator-technology\/wp-json\/wp\/v2\/types\/page"}],"author":[{"embeddable":true,"href":"https:\/\/www.hip.fi\/accelerator-technology\/wp-json\/wp\/v2\/users\/1"}],"replies":[{"embeddable":true,"href":"https:\/\/www.hip.fi\/accelerator-technology\/wp-json\/wp\/v2\/comments?post=160"}],"version-history":[{"count":0,"href":"https:\/\/www.hip.fi\/accelerator-technology\/wp-json\/wp\/v2\/pages\/160\/revisions"}],"up":[{"embeddable":true,"href":"https:\/\/www.hip.fi\/accelerator-technology\/wp-json\/wp\/v2\/pages\/131"}],"wp:attachment":[{"href":"https:\/\/www.hip.fi\/accelerator-technology\/wp-json\/wp\/v2\/media?parent=160"}],"curies":[{"name":"wp","href":"https:\/\/api.w.org\/{rel}","templated":true}]}}