{"id":251,"date":"2015-09-10T11:07:21","date_gmt":"2015-09-10T10:07:21","guid":{"rendered":"http:\/\/research.hip.fi\/hwp\/bic\/?page_id=251"},"modified":"2015-09-10T11:07:21","modified_gmt":"2015-09-10T10:07:21","slug":"tietoa-meista","status":"publish","type":"page","link":"https:\/\/www.hip.fi\/bic\/fi\/tietoa-meista\/","title":{"rendered":"Tietoa meist\u00e4"},"content":{"rendered":"<div id=\"pl-251\"  class=\"panel-layout\" ><div id=\"pg-251-0\"  class=\"panel-grid panel-has-style\" ><div class=\"no-pad panel-row-style panel-row-style-for-251-0\" style=\"padding: 100px 0; \" data-overlay=\"true\" ><div id=\"pgc-251-0-0\"  class=\"panel-grid-cell\" ><div id=\"panel-251-0-0-0\" class=\"so-panel widget widget_sow-editor panel-first-child panel-last-child\" data-index=\"0\" ><div\n\t\t\t\n\t\t\tclass=\"so-widget-sow-editor so-widget-sow-editor-base\"\n\t\t\t\n\t\t>\n<div class=\"siteorigin-widget-tinymce textwidget\">\n\t<blockquote><p>FBC (Finnish Business Incubation Centre of CERN Technologies) linkitt\u00e4\u00e4 suomalaisia tieteest\u00e4 ja teknologiasta kumpuavia PK-yrityksi\u00e4 ja teknologian kehitt\u00e4ji\u00e4 CERN:n maailmanlaajuisesti ainutlaatuiseen osaamiseen ja tekniseen kehitykseen.<\/p><\/blockquote>\n<\/div>\n<\/div><\/div><\/div><\/div><\/div><div id=\"pg-251-1\"  class=\"panel-grid panel-has-style\" ><div style=\"padding: 100px 0; \" data-overlay=\"true\" class=\"panel-row-style panel-row-style-for-251-1\" ><div id=\"pgc-251-1-0\"  class=\"panel-grid-cell\" ><div id=\"panel-251-1-0-0\" class=\"so-panel widget widget_sow-editor panel-first-child panel-last-child\" data-index=\"1\" ><div\n\t\t\t\n\t\t\tclass=\"so-widget-sow-editor so-widget-sow-editor-base\"\n\t\t\t\n\t\t><h3 class=\"widget-title\">FBC<\/h3>\n<div class=\"siteorigin-widget-tinymce textwidget\">\n\t<p>FBC on perustettu tarjoamaan suomalaisille PK- yrityksille ja yksitt\u00e4isille teknologiankehitt\u00e4jille mahdollisuuksia kehitt\u00e4\u00e4 liiketoimintaansa ja hy\u00f6dynt\u00e4\u00e4 CERN:ss\u00e4 kehitettyj\u00e4 teknologioita ja osaamista. FBC on osa CERN j\u00e4senvaltioissa olevaa BIC-verkostoa, jolla on edustajat Isossa-Britanniassa, Hollannissa, Norjassa, It\u00e4vallassa, Kreikassa ja Ranskassa. <\/p>\n<\/div>\n<\/div><\/div><\/div><div id=\"pgc-251-1-1\"  class=\"panel-grid-cell\" ><div id=\"panel-251-1-1-0\" class=\"so-panel widget widget_sow-editor panel-first-child panel-last-child\" data-index=\"2\" ><div\n\t\t\t\n\t\t\tclass=\"so-widget-sow-editor so-widget-sow-editor-base\"\n\t\t\t\n\t\t><h3 class=\"widget-title\">HIP<\/h3>\n<div class=\"siteorigin-widget-tinymce textwidget\">\n\t<p>Fysiikan tutkimuslaitos (HIP) on Helsingin yliopiston, Aalto-yliopiston, Jyv\u00e4skyl\u00e4n yliopiston, Lappeenrannan teknillisen yliopiston ja Tampereen teknillisen yliopiston yhteinen valtakunnallisia teht\u00e4vi\u00e4 hoitava tutkimuslaitosFysiikan tutkimuslaitoksen teht\u00e4v\u00e4n\u00e4 on harjoittaa ja edist\u00e4\u00e4 fysiikan perustutkimusta ja soveltavaa tutkimusta, hiukkaskiihdytinkeskuksiin liittyv\u00e4\u00e4 soveltavaa teknologiankehityst\u00e4 sek\u00e4 osallistua fysiikan alan tutkijakoulutukseen. Tutkimuslaitos huolehtii Suomen yhteisty\u00f6st\u00e4 Euroopan ydinfysiikan tutkimusj\u00e4rjest\u00f6n CERNin kanssa.<\/p>\n<\/div>\n<\/div><\/div><\/div><div id=\"pgc-251-1-2\"  class=\"panel-grid-cell\" ><div id=\"panel-251-1-2-0\" class=\"so-panel widget widget_sow-editor panel-first-child panel-last-child\" data-index=\"3\" ><div\n\t\t\t\n\t\t\tclass=\"so-widget-sow-editor so-widget-sow-editor-base\"\n\t\t\t\n\t\t><h3 class=\"widget-title\">Cern<\/h3>\n<div class=\"siteorigin-widget-tinymce textwidget\">\n\t<p>L\u00e4hell\u00e4 Geneve\u00e4 sijaitsee maailman suurin hiukkasfysiikan laboratorio, joka toimi World Wide Webin syntypaikkana 1990-luvun alussa. Nyky\u00e4\u00e4n sielt\u00e4 l\u00f6ytyy kuuluisa hiukkaskiihdytin, jossa Higgs\u2019in hiukkanen l\u00f6ydettiin vuonna 2012. CERN juhli 60-vuotis juhliaan 2014, joka kertoo sen laajasta ja pitk\u00e4aikaisesta historiasta teknologisen kehityksen k\u00e4rjess\u00e4. CERN tarjoaa vahvan kokemuksen mukana tulleen tiet\u00e4myksens\u00e4, taidot ja asiantuntemuksen hiukkaskiihdyttimist\u00e4 ja \u2013tunnistimista yritysten, yritt\u00e4jien ja organisaatioiden k\u00e4ytt\u00f6\u00f6n aktiivisen tukiverkostonsa kautta. CERNin tiedonvaihtoon erikoistunut elin on vastuussa CERNiss\u00e4 tuotettujen tekij\u00e4noikeuksien hallinnasta.<\/p>\n<\/div>\n<\/div><\/div><\/div><\/div><\/div><\/div>","protected":false},"excerpt":{"rendered":"<p>FBC (Finnish Business Incubation Centre of CERN Technologies) linkitt\u00e4\u00e4 suomalaisia tieteest\u00e4 ja teknologiasta kumpuavia PK-yrityksi\u00e4 ja teknologian kehitt\u00e4ji\u00e4 CERN:n maailmanlaajuisesti ainutlaatuiseen osaamiseen [&hellip;]<\/p>\n","protected":false},"author":1,"featured_media":0,"parent":0,"menu_order":0,"comment_status":"closed","ping_status":"closed","template":"page-templates\/page_fullwidth.php","meta":{"footnotes":""},"class_list":["post-251","page","type-page","status-publish","hentry"],"_links":{"self":[{"href":"https:\/\/www.hip.fi\/bic\/wp-json\/wp\/v2\/pages\/251","targetHints":{"allow":["GET"]}}],"collection":[{"href":"https:\/\/www.hip.fi\/bic\/wp-json\/wp\/v2\/pages"}],"about":[{"href":"https:\/\/www.hip.fi\/bic\/wp-json\/wp\/v2\/types\/page"}],"author":[{"embeddable":true,"href":"https:\/\/www.hip.fi\/bic\/wp-json\/wp\/v2\/users\/1"}],"replies":[{"embeddable":true,"href":"https:\/\/www.hip.fi\/bic\/wp-json\/wp\/v2\/comments?post=251"}],"version-history":[{"count":0,"href":"https:\/\/www.hip.fi\/bic\/wp-json\/wp\/v2\/pages\/251\/revisions"}],"wp:attachment":[{"href":"https:\/\/www.hip.fi\/bic\/wp-json\/wp\/v2\/media?parent=251"}],"curies":[{"name":"wp","href":"https:\/\/api.w.org\/{rel}","templated":true}]}}