{"id":253,"date":"2015-09-10T11:14:16","date_gmt":"2015-09-10T10:14:16","guid":{"rendered":"http:\/\/research.hip.fi\/hwp\/bic\/?page_id=253"},"modified":"2015-09-10T11:14:16","modified_gmt":"2015-09-10T10:14:16","slug":"fbcn-toiminta","status":"publish","type":"page","link":"https:\/\/www.hip.fi\/bic\/fi\/fbcn-toiminta\/","title":{"rendered":"FBC:n toiminta"},"content":{"rendered":"<div id=\"pl-253\"  class=\"panel-layout\" ><div id=\"pg-253-0\"  class=\"panel-grid panel-has-style\" ><div class=\"no-pad panel-row-style panel-row-style-for-253-0\" style=\"padding: 100px 0; \" data-overlay=\"true\" ><div id=\"pgc-253-0-0\"  class=\"panel-grid-cell\" ><div id=\"panel-253-0-0-0\" class=\"so-panel widget widget_sow-editor panel-first-child panel-last-child\" data-index=\"0\" ><div\n\t\t\t\n\t\t\tclass=\"so-widget-sow-editor so-widget-sow-editor-base\"\n\t\t\t\n\t\t>\n<div class=\"siteorigin-widget-tinymce textwidget\">\n\t<blockquote><p>FBC tarjoaa laajamittaista tukea hankkeille, joissa pyrit\u00e4\u00e4n radikaalisti muuttamaan teknologian kehitt\u00e4miseen perustuen markkinoiden vallitsevia k\u00e4yt\u00e4nteit\u00e4. <\/p><\/blockquote>\n<\/div>\n<\/div><\/div><\/div><\/div><\/div><div id=\"pg-253-1\"  class=\"panel-grid panel-has-style\" ><div style=\"padding: 100px 0; \" data-overlay=\"true\" class=\"panel-row-style panel-row-style-for-253-1\" ><div id=\"pgc-253-1-0\"  class=\"panel-grid-cell\" ><div id=\"panel-253-1-0-0\" class=\"so-panel widget widget_sow-editor panel-first-child\" data-index=\"1\" ><div\n\t\t\t\n\t\t\tclass=\"so-widget-sow-editor so-widget-sow-editor-base\"\n\t\t\t\n\t\t><h3 class=\"widget-title\">FBC etsii<\/h3>\n<div class=\"siteorigin-widget-tinymce textwidget\">\n\t<p>FBC toimii yhteisty\u00f6ss\u00e4 HIPn j\u00e4senyliopistojen verkostoissa olevien toimijoiden kanssa, jotka ovat aktiivisia aloittavien yritysten tukemisessa. N\u00e4iss\u00e4 verkostoissa toimivat mm. p\u00e4omasijoittajia ja \u2013yrityksi\u00e4, Demola\/New Factory, StartupSauna, teollisia toimijoita jne. T\u00e4rke\u00e4n\u00e4 osa-alueena on kuitenkin FBCn toiminnassa kytkeytyminen CERN asiantuntijoihin ja toimintaan.<br \/>\nEtsimme tutkijoiden, yritt\u00e4jien tai PK-sektorin hankkeita, jotka osoittavat potentiaalia mullistaa nykyist\u00e4 arvontuottoa asiakkaille uuteen teknologian kehitt\u00e4miseen perustuen. Katso Hakeminen yksityiskohtia varten.<\/p>\n<\/div>\n<\/div><\/div><div id=\"panel-253-1-0-1\" class=\"so-panel widget widget_sow-editor\" data-index=\"2\" ><div\n\t\t\t\n\t\t\tclass=\"so-widget-sow-editor so-widget-sow-editor-base\"\n\t\t\t\n\t\t><h3 class=\"widget-title\">FBC tarjoaa<\/h3>\n<div class=\"siteorigin-widget-tinymce textwidget\">\n\t<p>FBC tarjoaa mahdollisuuden k\u00e4ytt\u00e4\u00e4 CERN tieto-taitoa, rahoituksellista tukea sek\u00e4 tukea liiketoiminnan kehitt\u00e4miseen innovatiivisten teknologia-yritysten kehityksen nopeuttamiseen, mukaan lukien:<\/p>\n<ul>\n<li>Mahdollisuus k\u00e4ytt\u00e4\u00e4 CERN:n asiantuntijoita ja teknist\u00e4 osaamista<\/li>\n<li>CERN:n immateriaalioikeuksien sopimuksiin suosiolliset ehdot<\/li>\n<li>Rahoitusta liiketoiminnan kehitt\u00e4miseen (FBC j\u00e4rjest\u00e4\u00e4 40 kEUR)<\/li>\n<li>Mahdollisuuksia l\u00f6yt\u00e4\u00e4 rahoitusta ja erilaisia yhteisty\u00f6n tekij\u00f6it\u00e4 FBC:n HIP:n partneriyliopistojen ja CERNn verkostoissa<\/li>\n<\/ul>\n<\/div>\n<\/div><\/div><div id=\"panel-253-1-0-2\" class=\"so-panel widget widget_sow-editor panel-last-child\" data-index=\"3\" ><div\n\t\t\t\n\t\t\tclass=\"so-widget-sow-editor so-widget-sow-editor-base\"\n\t\t\t\n\t\t><h3 class=\"widget-title\">FBC toiminta<\/h3>\n<div class=\"siteorigin-widget-tinymce textwidget\">\n\t<p>FBC on osa HIP:n teknologia-ohjelmaa ja sill\u00e4 on jokaisessa HIP:n partneriyliopistossa yhteyshenkil\u00f6. HIP:n j\u00e4senyliopistoilla on lis\u00e4ksi omat asiantuntijansa ja paikalliset verkostot, jotka toimivat aloittavien yritysten tukena.<\/p>\n<\/div>\n<\/div><\/div><\/div><div id=\"pgc-253-1-1\"  class=\"panel-grid-cell\" ><div id=\"panel-253-1-1-0\" class=\"so-panel widget widget_sow-editor panel-first-child panel-last-child\" data-index=\"4\" ><div\n\t\t\t\n\t\t\tclass=\"so-widget-sow-editor so-widget-sow-editor-base\"\n\t\t\t\n\t\t><h3 class=\"widget-title\">FBC-ohjelmaan hakeminen<\/h3>\n<div class=\"siteorigin-widget-tinymce textwidget\">\n\t<p>FBC etsii yritt\u00e4ji\u00e4, tutkijoita, tutkimusryhmi\u00e4 tai PK-yrityksi\u00e4, joilla on mahdollisuus hy\u00f6dynt\u00e4\u00e4 CERN:n teknologioita ja tiet\u00e4myst\u00e4 kehitt\u00e4\u00e4kseen liiketoimintaansa tai uutta teknist\u00e4 innovaatiota. Hakijoilla ei tarvitse v\u00e4ltt\u00e4m\u00e4tt\u00e4 olla aikaisempaa kokemusta CERN-yhteisty\u00f6st\u00e4.<\/p>\n<p>Jotta FBC olisi oikea valinta, kannattaa tarkistaa seuraavat asiat:<br \/> - hakemuksen pohjana on innovatiivinen, teknologiaan perustuva idea\/kehitysty\u00f6<br \/> - Idealla on disruptiivista, mullistavaa potentiaalia (katso lis\u00e4\u00e4 Hakemus-linkist\u00e4)<br \/> - idea voi merkitt\u00e4v\u00e4sti muuttaa nykyisi\u00e4 toimintatapoja ja ekosysteemej\u00e4 (katso lis\u00e4\u00e4 Hakemus-linkist\u00e4)<br \/> - Hakemuksen pohjalla olevalla idealla on mahdollisuus mullistaa liiketoimintaa (katso lis\u00e4\u00e4 Hakemus-linkist\u00e4)<\/p>\n<p>Lis\u00e4ksi idean kehitt\u00e4minen hy\u00f6tyisi merkitt\u00e4v\u00e4sti yhteydest\u00e4 seuraaviin teknologia-alueisiin (rajoittumatta kuitenkaan ainoastaan n\u00e4ihin):<\/p>\n<ul>\n<li>Kiihdytinteknologiat<\/li>\n<li>J\u00e4\u00e4hdytys- ja ilmastointiteknologiat<\/li>\n<li>S\u00e4hk\u00f6tekniset j\u00e4rjestelm\u00e4t<\/li>\n<li>Ilmaisinteknologiat<\/li>\n<li>Mikroelektroniikka<\/li>\n<li>ICT (esim. algoritmit, verkkoteknologiat, jne)<\/li>\n<li>Pinnoiteteknologiat<\/li>\n<li>Tyhji\u00f6teknologiat<\/li>\n<li>Kryogeniikkateknologiat<\/li>\n<li>Magneettimateriaalit ja -teknologiat<\/li>\n<li>Suprajohtavuus<\/li>\n<li>RF-teknologiat<\/li>\n<li>Koneenrakennusteknologiat<\/li>\n<\/ul>\n<p>Hakemuksen pohjalla olevan idean tulisi pysty\u00e4 hy\u00f6tym\u00e4\u00e4n CERN:n kehitt\u00e4m\u00e4st\u00e4 teknologiasta. Idea voi olla my\u00f6s laajemmin kytk\u00f6ksiss\u00e4 CERN:n tai vastaavien tutkimuslaitosten toimintaan tai idea voisi hy\u00f6ty\u00e4 CERN:n tieto-taidosta yll\u00e4 olevilla teknologia-alueilla.<\/p>\n<\/div>\n<\/div><\/div><\/div><\/div><\/div><\/div>","protected":false},"excerpt":{"rendered":"<p>FBC tarjoaa laajamittaista tukea hankkeille, joissa pyrit\u00e4\u00e4n radikaalisti muuttamaan teknologian kehitt\u00e4miseen perustuen markkinoiden vallitsevia k\u00e4yt\u00e4nteit\u00e4. FBC toimii yhteisty\u00f6ss\u00e4 HIPn j\u00e4senyliopistojen verkostoissa olevien [&hellip;]<\/p>\n","protected":false},"author":1,"featured_media":0,"parent":0,"menu_order":0,"comment_status":"closed","ping_status":"closed","template":"page-templates\/page_fullwidth.php","meta":{"footnotes":""},"class_list":["post-253","page","type-page","status-publish","hentry"],"_links":{"self":[{"href":"https:\/\/www.hip.fi\/bic\/wp-json\/wp\/v2\/pages\/253","targetHints":{"allow":["GET"]}}],"collection":[{"href":"https:\/\/www.hip.fi\/bic\/wp-json\/wp\/v2\/pages"}],"about":[{"href":"https:\/\/www.hip.fi\/bic\/wp-json\/wp\/v2\/types\/page"}],"author":[{"embeddable":true,"href":"https:\/\/www.hip.fi\/bic\/wp-json\/wp\/v2\/users\/1"}],"replies":[{"embeddable":true,"href":"https:\/\/www.hip.fi\/bic\/wp-json\/wp\/v2\/comments?post=253"}],"version-history":[{"count":0,"href":"https:\/\/www.hip.fi\/bic\/wp-json\/wp\/v2\/pages\/253\/revisions"}],"wp:attachment":[{"href":"https:\/\/www.hip.fi\/bic\/wp-json\/wp\/v2\/media?parent=253"}],"curies":[{"name":"wp","href":"https:\/\/api.w.org\/{rel}","templated":true}]}}