{"id":257,"date":"2015-09-10T11:24:27","date_gmt":"2015-09-10T10:24:27","guid":{"rendered":"http:\/\/research.hip.fi\/hwp\/bic\/?page_id=257"},"modified":"2015-09-10T11:24:27","modified_gmt":"2015-09-10T10:24:27","slug":"hae","status":"publish","type":"page","link":"https:\/\/www.hip.fi\/bic\/fi\/hae\/","title":{"rendered":"Hae"},"content":{"rendered":"<div id=\"pl-257\"  class=\"panel-layout\" ><div id=\"pg-257-0\"  class=\"panel-grid panel-has-style\" ><div style=\"text-align: center;padding: 0px 0; \" data-overlay=\"true\" data-overlay-color=\"#000000\" class=\"panel-row-style panel-row-style-for-257-0\" ><div id=\"pgc-257-0-0\"  class=\"panel-grid-cell\" ><div id=\"panel-257-0-0-0\" class=\"so-panel widget widget_sow-editor panel-first-child panel-last-child\" data-index=\"0\" ><div style=\"text-align: left;\" data-title-color=\"#000000\" data-headings-color=\"#ffffff\" class=\"panel-widget-style panel-widget-style-for-257-0-0-0\" ><div\n\t\t\t\n\t\t\tclass=\"so-widget-sow-editor so-widget-sow-editor-base\"\n\t\t\t\n\t\t><h3 class=\"widget-title\">HAKUPROSESSI<\/h3>\n<div class=\"siteorigin-widget-tinymce textwidget\">\n\t<hr style=\"color: red;\" width=\"5%\" \/>\n<p style=\"text-align: center;\">\t\t\t<section id=\"cd-timeline\" class=\"cd-container timeline-express\">\n\n\t\t\t\n<div class=\"cd-timeline-block april 01 2020 announcement-no-image announcement-425\">\n\n\t\n\t\t<a class=\"cd-timeline-icon-link\" href=\"https:\/\/www.hip.fi\/bic\/announcement\/1-interested-in-joining\/\">\n\n\t\t\t\n\t\t<div class=\"cd-timeline-img cd-picture\" style=\"background:#d65050;\">\n\n\t\t\t<!-- Custom Action Hook -->\n\t\t\t\n\t\t\t\t<!-- Standard Font Awesome Icon -->\n\t\t\t\t<span class=\"fa fa-pencil-square\" title=\"1. Interested in joining?\"><\/span>\n\n\t\t\t\n\t\t<\/div> <!-- cd-timeline-img -->\n\n\t\n\t\t<\/a>\n\n\t\t\n\t<!-- Timeline Content -->\n\t<div class=\"cd-timeline-content\">\n\n\t\t\n\t\t<!-- Announcement Title -->\n\t\t<div class=\"cd-timeline-title-container\">\n\n\t\t\t\n\t\t\t<h2 class=\"cd-timeline-item-title\">\n\t\t\t\t1. Interested in joining?\t\t\t<\/h2>\n\n\t\t\t\t\t\t\t<p class=\"timeline-date\">\n\t\t\t\t\tApril 1, 2020\t\t\t\t<\/p>\n\t\t\t\t\t\t<\/div>\n\t\t<!-- End Announcement Title -->\n\n\t\t\n\t\t<!-- Announcement Excerpt -->\n\t\t<div class=\"the-excerpt\">\n\t\t\t<a class=\"timeline-express-read-more-link\" href=\"https:\/\/www.hip.fi\/bic\/announcement\/1-interested-in-joining\/\"> Read more<\/a>\t\t<\/div>\n\t\t<!-- End Announcement Excerpt -->\n\n\t\t\n\t<\/div>\n\t<!-- End Timeline Content -->\n\n<\/div>\n<!-- End Timeline Block -->\n\n<div class=\"cd-timeline-block april 01 2020 announcement-no-image announcement-426\">\n\n\t\n\t\t<a class=\"cd-timeline-icon-link\" href=\"https:\/\/www.hip.fi\/bic\/announcement\/1-kiinnostuitko-osallistumaan\/\">\n\n\t\t\t\n\t\t<div class=\"cd-timeline-img cd-picture\" style=\"background:#d65050;\">\n\n\t\t\t<!-- Custom Action Hook -->\n\t\t\t\n\t\t\t\t<!-- Standard Font Awesome Icon -->\n\t\t\t\t<span class=\"fa fa-pencil-square\" title=\"1. Kiinnostuitko osallistumaan?\"><\/span>\n\n\t\t\t\n\t\t<\/div> <!-- cd-timeline-img -->\n\n\t\n\t\t<\/a>\n\n\t\t\n\t<!-- Timeline Content -->\n\t<div class=\"cd-timeline-content\">\n\n\t\t\n\t\t<!-- Announcement Title -->\n\t\t<div class=\"cd-timeline-title-container\">\n\n\t\t\t\n\t\t\t<h2 class=\"cd-timeline-item-title\">\n\t\t\t\t1. Kiinnostuitko osallistumaan?\t\t\t<\/h2>\n\n\t\t\t\t\t\t\t<p class=\"timeline-date\">\n\t\t\t\t\tApril 1, 2020\t\t\t\t<\/p>\n\t\t\t\t\t\t<\/div>\n\t\t<!-- End Announcement Title -->\n\n\t\t\n\t\t<!-- Announcement Excerpt -->\n\t\t<div class=\"the-excerpt\">\n\t\t\t<a class=\"timeline-express-read-more-link\" href=\"https:\/\/www.hip.fi\/bic\/announcement\/1-kiinnostuitko-osallistumaan\/\"> Read more<\/a>\t\t<\/div>\n\t\t<!-- End Announcement Excerpt -->\n\n\t\t\n\t<\/div>\n\t<!-- End Timeline Content -->\n\n<\/div>\n<!-- End Timeline Block -->\n\n<div class=\"cd-timeline-block april 02 2020 announcement-no-image announcement-427\">\n\n\t\n\t\t<a class=\"cd-timeline-icon-link\" href=\"https:\/\/www.hip.fi\/bic\/announcement\/2-the-preliminary-screening\/\">\n\n\t\t\t\n\t\t<div class=\"cd-timeline-img cd-picture\" style=\"background:#d65050;\">\n\n\t\t\t<!-- Custom Action Hook -->\n\t\t\t\n\t\t\t\t<!-- Standard Font Awesome Icon -->\n\t\t\t\t<span class=\"fa fa-search-plus\" title=\"2. The preliminary screening\"><\/span>\n\n\t\t\t\n\t\t<\/div> <!-- cd-timeline-img -->\n\n\t\n\t\t<\/a>\n\n\t\t\n\t<!-- Timeline Content -->\n\t<div class=\"cd-timeline-content\">\n\n\t\t\n\t\t<!-- Announcement Title -->\n\t\t<div class=\"cd-timeline-title-container\">\n\n\t\t\t\n\t\t\t<h2 class=\"cd-timeline-item-title\">\n\t\t\t\t2. The preliminary screening\t\t\t<\/h2>\n\n\t\t\t\t\t\t\t<p class=\"timeline-date\">\n\t\t\t\t\tApril 2, 2020\t\t\t\t<\/p>\n\t\t\t\t\t\t<\/div>\n\t\t<!-- End Announcement Title -->\n\n\t\t\n\t\t<!-- Announcement Excerpt -->\n\t\t<div class=\"the-excerpt\">\n\t\t\t<p>The preliminary screening will evaluate suitability of the idea for the FBC program. If required FBC will then help find a CERN&#8230;<\/p>\n<a class=\"timeline-express-read-more-link\" href=\"https:\/\/www.hip.fi\/bic\/announcement\/2-the-preliminary-screening\/\"> Read more<\/a>\t\t<\/div>\n\t\t<!-- End Announcement Excerpt -->\n\n\t\t\n\t<\/div>\n\t<!-- End Timeline Content -->\n\n<\/div>\n<!-- End Timeline Block -->\n\n<div class=\"cd-timeline-block april 02 2020 announcement-no-image announcement-428\">\n\n\t\n\t\t<a class=\"cd-timeline-icon-link\" href=\"https:\/\/www.hip.fi\/bic\/announcement\/2-esihakemusten-arviointi\/\">\n\n\t\t\t\n\t\t<div class=\"cd-timeline-img cd-picture\" style=\"background:#d65050;\">\n\n\t\t\t<!-- Custom Action Hook -->\n\t\t\t\n\t\t\t\t<!-- Standard Font Awesome Icon -->\n\t\t\t\t<span class=\"fa fa-search-plus\" title=\"2. Esihakemusten arviointi\"><\/span>\n\n\t\t\t\n\t\t<\/div> <!-- cd-timeline-img -->\n\n\t\n\t\t<\/a>\n\n\t\t\n\t<!-- Timeline Content -->\n\t<div class=\"cd-timeline-content\">\n\n\t\t\n\t\t<!-- Announcement Title -->\n\t\t<div class=\"cd-timeline-title-container\">\n\n\t\t\t\n\t\t\t<h2 class=\"cd-timeline-item-title\">\n\t\t\t\t2. Esihakemusten arviointi\t\t\t<\/h2>\n\n\t\t\t\t\t\t\t<p class=\"timeline-date\">\n\t\t\t\t\tApril 2, 2020\t\t\t\t<\/p>\n\t\t\t\t\t\t<\/div>\n\t\t<!-- End Announcement Title -->\n\n\t\t\n\t\t<!-- Announcement Excerpt -->\n\t\t<div class=\"the-excerpt\">\n\t\t\t<p>Alustavassa tarkastelussa\u00a0arvioidaan idean soveltuvuutta ohjelmaa varten.<\/p>\n<a class=\"timeline-express-read-more-link\" href=\"https:\/\/www.hip.fi\/bic\/announcement\/2-esihakemusten-arviointi\/\"> Read more<\/a>\t\t<\/div>\n\t\t<!-- End Announcement Excerpt -->\n\n\t\t\n\t<\/div>\n\t<!-- End Timeline Content -->\n\n<\/div>\n<!-- End Timeline Block -->\n\n<div class=\"cd-timeline-block april 03 2020 announcement-no-image announcement-448\">\n\n\t\n\t\t<a class=\"cd-timeline-icon-link\" href=\"https:\/\/www.hip.fi\/bic\/announcement\/3-finalising-the-application\/\">\n\n\t\t\t\n\t\t<div class=\"cd-timeline-img cd-picture\" style=\"background:#d65050;\">\n\n\t\t\t<!-- Custom Action Hook -->\n\t\t\t\n\t\t\t\t<!-- Standard Font Awesome Icon -->\n\t\t\t\t<span class=\"fa fa-check-circle\" title=\"3. Finalising the application\"><\/span>\n\n\t\t\t\n\t\t<\/div> <!-- cd-timeline-img -->\n\n\t\n\t\t<\/a>\n\n\t\t\n\t<!-- Timeline Content -->\n\t<div class=\"cd-timeline-content\">\n\n\t\t\n\t\t<!-- Announcement Title -->\n\t\t<div class=\"cd-timeline-title-container\">\n\n\t\t\t\n\t\t\t<h2 class=\"cd-timeline-item-title\">\n\t\t\t\t3. Finalising the application\t\t\t<\/h2>\n\n\t\t\t\t\t\t\t<p class=\"timeline-date\">\n\t\t\t\t\tApril 3, 2020\t\t\t\t<\/p>\n\t\t\t\t\t\t<\/div>\n\t\t<!-- End Announcement Title -->\n\n\t\t\n\t\t<!-- Announcement Excerpt -->\n\t\t<div class=\"the-excerpt\">\n\t\t\t<p>The application is finalised as necessary with the applicant and the connection to CERN technologies is established.<\/p>\n<a class=\"timeline-express-read-more-link\" href=\"https:\/\/www.hip.fi\/bic\/announcement\/3-finalising-the-application\/\"> Read more<\/a>\t\t<\/div>\n\t\t<!-- End Announcement Excerpt -->\n\n\t\t\n\t<\/div>\n\t<!-- End Timeline Content -->\n\n<\/div>\n<!-- End Timeline Block -->\n\n<div class=\"cd-timeline-block april 03 2020 announcement-no-image announcement-449\">\n\n\t\n\t\t<a class=\"cd-timeline-icon-link\" href=\"https:\/\/www.hip.fi\/bic\/announcement\/3-hakemuksen-viimeistely\/\">\n\n\t\t\t\n\t\t<div class=\"cd-timeline-img cd-picture\" style=\"background:#d65050;\">\n\n\t\t\t<!-- Custom Action Hook -->\n\t\t\t\n\t\t\t\t<!-- Standard Font Awesome Icon -->\n\t\t\t\t<span class=\"fa fa-check-circle\" title=\"3. Hakemuksen viimeistely\"><\/span>\n\n\t\t\t\n\t\t<\/div> <!-- cd-timeline-img -->\n\n\t\n\t\t<\/a>\n\n\t\t\n\t<!-- Timeline Content -->\n\t<div class=\"cd-timeline-content\">\n\n\t\t\n\t\t<!-- Announcement Title -->\n\t\t<div class=\"cd-timeline-title-container\">\n\n\t\t\t\n\t\t\t<h2 class=\"cd-timeline-item-title\">\n\t\t\t\t3. Hakemuksen viimeistely\t\t\t<\/h2>\n\n\t\t\t\t\t\t\t<p class=\"timeline-date\">\n\t\t\t\t\tApril 3, 2020\t\t\t\t<\/p>\n\t\t\t\t\t\t<\/div>\n\t\t<!-- End Announcement Title -->\n\n\t\t\n\t\t<!-- Announcement Excerpt -->\n\t\t<div class=\"the-excerpt\">\n\t\t\t<p>Tarvittaessa hakemusta t\u00e4ydennet\u00e4\u00e4n CERN mahdollisella teknologisen osaamisen osalta ja hakemus viimeistell\u00e4\u00e4n yhdess\u00e4 hakijan kanssa.<\/p>\n<a class=\"timeline-express-read-more-link\" href=\"https:\/\/www.hip.fi\/bic\/announcement\/3-hakemuksen-viimeistely\/\"> Read more<\/a>\t\t<\/div>\n\t\t<!-- End Announcement Excerpt -->\n\n\t\t\n\t<\/div>\n\t<!-- End Timeline Content -->\n\n<\/div>\n<!-- End Timeline Block -->\n\n\t\t\t<\/section>\n\n\t\t\t<!-- Timeline Express Free v1.8.1 | Site: https:\/\/www.wp-timelineexpress.com | Author: CodeParrots - http:\/\/www.codeparrots.com --><\/p>\n<\/div>\n<\/div><\/div><\/div><\/div><\/div><\/div><div id=\"pg-257-1\"  class=\"panel-grid panel-has-style\" ><div style=\"padding: 100px 0; \" data-overlay=\"true\" class=\"panel-row-style panel-row-style-for-257-1\" ><div id=\"pgc-257-1-0\"  class=\"panel-grid-cell\" ><div id=\"panel-257-1-0-0\" class=\"so-panel widget widget_sow-editor panel-first-child panel-last-child\" data-index=\"1\" ><div\n\t\t\t\n\t\t\tclass=\"so-widget-sow-editor so-widget-sow-editor-base\"\n\t\t\t\n\t\t><h3 class=\"widget-title\">Lis\u00e4tietoa<\/h3>\n<div class=\"siteorigin-widget-tinymce textwidget\">\n\t<p>Hakemuksen voi j\u00e4tt\u00e4\u00e4 arvioitavaksi ymp\u00e4ri vuoden ja hakemusten arviointia tehd\u00e4\u00e4n tarpeen mukaan.<\/p>\n<p>Hakemuksen arviointi tehd\u00e4\u00e4n hakemuksen viimeistelyn j\u00e4lkeen seuraavasti:<br \/> FBC:n valitsijaryhm\u00e4 kokoontuu arviointi varten tarvittaessa. Valitsijaryhm\u00e4ss\u00e4 on edustajia sek\u00e4 HIP:st\u00e4 ett\u00e4 CERN:st\u00e4. Valitsijaryhm\u00e4 arvioi hakemuksia yll\u00e4 olevia soveltuvuuskriteerej\u00e4 k\u00e4ytt\u00e4en. My\u00f6s hakemuksessa esitetyn idean hy\u00f6dyt CERN-yhteisty\u00f6st\u00e4 arvioidaan t\u00e4ss\u00e4 yhteydess\u00e4. Tarvittaessa voidaan my\u00f6s j\u00e4rjest\u00e4\u00e4 hakemuksen esittelytilaisuus, jossa hakijoilla on tilaisuus esitell\u00e4 hakemustaan laajemmin. Valitsijaryhm\u00e4 tekee lopullisen p\u00e4\u00e4t\u00f6ksen hakemusten hyv\u00e4ksynn\u00e4st\u00e4.<\/p>\n<p>Hyv\u00e4ksytyt hakijat allekirjoittavat sopimuksen FBC:n ohjelmaan liittymisest\u00e4.<\/p>\n<\/div>\n<\/div><\/div><\/div><\/div><\/div><\/div>","protected":false},"excerpt":{"rendered":"<p>Hakemuksen voi j\u00e4tt\u00e4\u00e4 arvioitavaksi ymp\u00e4ri vuoden ja hakemusten arviointia tehd\u00e4\u00e4n tarpeen mukaan.Hakemuksen arviointi tehd\u00e4\u00e4n hakemuksen viimeistelyn j\u00e4lkeen seuraavasti: FBC:n valitsijaryhm\u00e4 kokoontuu arviointi [&hellip;]<\/p>\n","protected":false},"author":1,"featured_media":0,"parent":0,"menu_order":0,"comment_status":"closed","ping_status":"closed","template":"page-templates\/page_fullwidth.php","meta":{"footnotes":""},"class_list":["post-257","page","type-page","status-publish","hentry"],"_links":{"self":[{"href":"https:\/\/www.hip.fi\/bic\/wp-json\/wp\/v2\/pages\/257","targetHints":{"allow":["GET"]}}],"collection":[{"href":"https:\/\/www.hip.fi\/bic\/wp-json\/wp\/v2\/pages"}],"about":[{"href":"https:\/\/www.hip.fi\/bic\/wp-json\/wp\/v2\/types\/page"}],"author":[{"embeddable":true,"href":"https:\/\/www.hip.fi\/bic\/wp-json\/wp\/v2\/users\/1"}],"replies":[{"embeddable":true,"href":"https:\/\/www.hip.fi\/bic\/wp-json\/wp\/v2\/comments?post=257"}],"version-history":[{"count":0,"href":"https:\/\/www.hip.fi\/bic\/wp-json\/wp\/v2\/pages\/257\/revisions"}],"wp:attachment":[{"href":"https:\/\/www.hip.fi\/bic\/wp-json\/wp\/v2\/media?parent=257"}],"curies":[{"name":"wp","href":"https:\/\/api.w.org\/{rel}","templated":true}]}}