{"id":571,"date":"2015-09-07T08:57:56","date_gmt":"2015-09-07T07:57:56","guid":{"rendered":"http:\/\/research.hip.fi\/hwp\/bic\/?page_id=4"},"modified":"2015-09-07T08:57:56","modified_gmt":"2015-09-07T07:57:56","slug":"home","status":"publish","type":"page","link":"https:\/\/www.hip.fi\/bic\/","title":{"rendered":"Home"},"content":{"rendered":"<div id=\"pl-571\"  class=\"panel-layout\" ><div id=\"pg-571-0\"  class=\"panel-grid panel-has-style\" ><div class=\"siteorigin-panels-stretch panel-row-style panel-row-style-for-571-0\" style=\"padding: 100px 0; \" id=\"approach\" data-stretch-type=\"full-stretched\" data-overlay=\"true\" data-overlay-color=\"#000000\" ><div id=\"pgc-571-0-0\"  class=\"panel-grid-cell\" ><div id=\"panel-571-0-0-0\" class=\"so-panel widget widget_sydney_services_type_a sydney_services_widget panel-first-child panel-last-child\" data-index=\"0\" ><div style=\"text-align: left;\" data-title-color=\"#443f3f\" data-headings-color=\"#443f3f\" class=\"panel-widget-style panel-widget-style-for-571-0-0-0\" >\t\t\t<h3 class=\"widget-title\">Our approach<\/h3>\r\n\t\t\t\t\t\t\t\t\t\t\t\t\t\t\t\t\t\t\t<div class=\"service col-md-4\">\r\n\t\t\t\t\t\t\t\t\t<div class=\"roll-icon-box\">\r\n\t\t\t\t\t\t\t\t\t\r\n\t\t\t\t\t\t\t<div class=\"icon\">\r\n\t\t\t\t\t\t\t\t\t\t\t\t\t\t\t\t\t<i class=\"fa-home\"><\/i>\t\t\t\t\t\t\t\t\t\t\t\t\t\t\t<\/div>\r\n\t\t\t\t\t\t\t\t\t\t\t\t<div class=\"content\">\r\n\t\t\t\t\t\t\t<h3>\r\n\t\t\t\t\t\t\t\t\t\t\t\t\t\t\t\t\tWe operate\t\t\t\t\t\t\t\t\t\t\t\t\t\t\t<\/h3>\r\n\t\t\t\t\t\t\t\t\t\t\t\t\t\t\t\r\n\t\t\t\t\t\t\t\t<p>Under the Technology Programme at HIP. It has contact points at each partner university of HIP.<\/p>\n\t\t\t\t\t\t\t\t\t\t\t\t\t<\/div><!--.info-->\t\r\n\t\t\t\t\t<\/div>\r\n\t\t\t\t<\/div>\r\n\t\t\t\t\t\t\t\t\t\t\t\t\t\t\t\t\t\t\t<div class=\"service col-md-4\">\r\n\t\t\t\t\t\t\t\t\t<div class=\"roll-icon-box\">\r\n\t\t\t\t\t\t\t\t\t\r\n\t\t\t\t\t\t\t<div class=\"icon\">\r\n\t\t\t\t\t\t\t\t\t\t\t\t\t\t\t\t\t<i class=\"fa-check-circle\"><\/i>\t\t\t\t\t\t\t\t\t\t\t\t\t\t\t<\/div>\r\n\t\t\t\t\t\t\t\t\t\t\t\t<div class=\"content\">\r\n\t\t\t\t\t\t\t<h3>\r\n\t\t\t\t\t\t\t\t\t\t\t\t\t\t\t\t\tWe offer\t\t\t\t\t\t\t\t\t\t\t\t\t\t\t<\/h3>\r\n\t\t\t\t\t\t\t\t\t\t\t\t\t\t\t\r\n\t\t\t\t\t\t\t\t<p>An ideal package of both funding and business support to accelerate innovative business concepts.<\/p>\n\t\t\t\t\t\t\t\t\t\t\t\t\t<\/div><!--.info-->\t\r\n\t\t\t\t\t<\/div>\r\n\t\t\t\t<\/div>\r\n\t\t\t\t\t\t\t\t\t\t\t\t\t\t\t\t\t\t\t<div class=\"service col-md-4\">\r\n\t\t\t\t\t\t\t\t\t<div class=\"roll-icon-box\">\r\n\t\t\t\t\t\t\t\t\t\r\n\t\t\t\t\t\t\t<div class=\"icon\">\r\n\t\t\t\t\t\t\t\t\t\t\t\t\t\t\t\t\t<i class=\"fa-graduation-cap\"><\/i>\t\t\t\t\t\t\t\t\t\t\t\t\t\t\t<\/div>\r\n\t\t\t\t\t\t\t\t\t\t\t\t<div class=\"content\">\r\n\t\t\t\t\t\t\t<h3>\r\n\t\t\t\t\t\t\t\t\t\t\t\t\t\t\t\t\tWe are looking for\t\t\t\t\t\t\t\t\t\t\t\t\t\t\t<\/h3>\r\n\t\t\t\t\t\t\t\t\t\t\t\t\t\t\t\r\n\t\t\t\t\t\t\t\t<p>Researchers, entrepreneurs and SMEs with potentially disruptive technological innovations.<\/p>\n\t\t\t\t\t\t\t\t\t\t\t\t\t<\/div><!--.info-->\t\r\n\t\t\t\t\t<\/div>\r\n\t\t\t\t<\/div>\r\n\t\t\t\r\n\t\t\t\t\t\t\t<a href=\"https:\/\/www.hip.fi\/bic\/fbcs-approach\/\" class=\"roll-button more-button\">\r\n\t\t\t\t\t\t\t\t\t\t\tMore\t\t\t\t\t\t\t\t\t<\/a>\r\n\t\t\t\t\t\t\t\r\n\t<\/div><\/div><\/div><\/div><\/div><div id=\"pg-571-1\"  class=\"panel-grid panel-has-style\" ><div class=\"siteorigin-panels-stretch panel-row-style panel-row-style-for-571-1\" style=\"color: #ffffff;text-align: center;background-image: url(https:\/\/www.hip.fi\/bic\/wp-content\/uploads\/sites\/4\/2015\/09\/20071215_721-scaled-1.jpg);padding: 100px 0; \" id=\"apply\" data-stretch-type=\"full-stretched\" data-hascolor=\"hascolor\" data-hasbg=\"hasbg\" data-overlay=\"true\" data-overlay-color=\"#000000\" ><div id=\"pgc-571-1-0\"  class=\"panel-grid-cell panel-grid-cell-empty\" ><\/div><div id=\"pgc-571-1-1\"  class=\"panel-grid-cell panel-grid-cell-mobile-last\" ><div id=\"panel-571-1-1-0\" class=\"so-panel widget widget_sow-button panel-first-child\" data-index=\"1\" ><div style=\"text-align: left;\" data-title-color=\"#443f3f\" data-headings-color=\"#443f3f\" class=\"panel-widget-style panel-widget-style-for-571-1-1-0\" ><div\n\t\t\t\n\t\t\tclass=\"so-widget-sow-button so-widget-sow-button-wire-2158a12e6d36-375\"\n\t\t\t\n\t\t><div class=\"ow-button-base ow-button-align-center\"\n>\n\t\t\t<a\n\t\t\t\t\thref=\"https:\/\/www.hip.fi\/bic\/apply\/\"\n\t\t\t\t\tclass=\"sowb-button ow-icon-placement-left ow-button-hover\" \t>\n\t\t<span>\n\t\t\t\n\t\t\tAPPLY\t\t<\/span>\n\t\t\t<\/a>\n\t<\/div>\n<\/div><\/div><\/div><div id=\"panel-571-1-1-1\" class=\"so-panel widget widget_sow-editor\" data-index=\"2\" ><div style=\"text-align: left;\" data-title-color=\"#443f3f\" data-headings-color=\"#ffffff\" class=\"panel-widget-style panel-widget-style-for-571-1-1-1\" ><div\n\t\t\t\n\t\t\tclass=\"so-widget-sow-editor so-widget-sow-editor-base\"\n\t\t\t\n\t\t>\n<div class=\"siteorigin-widget-tinymce textwidget\">\n\t<hr style=\"color: red;\" width=\"5%\" \/>\n<p style=\"text-align: center;\">\t\t\t<section id=\"cd-timeline\" class=\"cd-container timeline-express\">\n\n\t\t\t\n<div class=\"cd-timeline-block april 01 2020 announcement-no-image announcement-425\">\n\n\t\n\t\t<a class=\"cd-timeline-icon-link\" href=\"https:\/\/www.hip.fi\/bic\/announcement\/1-interested-in-joining\/\">\n\n\t\t\t\n\t\t<div class=\"cd-timeline-img cd-picture\" style=\"background:#d65050;\">\n\n\t\t\t<!-- Custom Action Hook -->\n\t\t\t\n\t\t\t\t<!-- Standard Font Awesome Icon -->\n\t\t\t\t<span class=\"fa fa-pencil-square\" title=\"1. Interested in joining?\"><\/span>\n\n\t\t\t\n\t\t<\/div> <!-- cd-timeline-img -->\n\n\t\n\t\t<\/a>\n\n\t\t\n\t<!-- Timeline Content -->\n\t<div class=\"cd-timeline-content\">\n\n\t\t\n\t\t<!-- Announcement Title -->\n\t\t<div class=\"cd-timeline-title-container\">\n\n\t\t\t\n\t\t\t<h2 class=\"cd-timeline-item-title\">\n\t\t\t\t1. Interested in joining?\t\t\t<\/h2>\n\n\t\t\t\t\t\t\t<p class=\"timeline-date\">\n\t\t\t\t\tApril 1, 2020\t\t\t\t<\/p>\n\t\t\t\t\t\t<\/div>\n\t\t<!-- End Announcement Title -->\n\n\t\t\n\t\t<!-- Announcement Excerpt -->\n\t\t<div class=\"the-excerpt\">\n\t\t\t<a class=\"timeline-express-read-more-link\" href=\"https:\/\/www.hip.fi\/bic\/announcement\/1-interested-in-joining\/\"> Read more<\/a>\t\t<\/div>\n\t\t<!-- End Announcement Excerpt -->\n\n\t\t\n\t<\/div>\n\t<!-- End Timeline Content -->\n\n<\/div>\n<!-- End Timeline Block -->\n\n<div class=\"cd-timeline-block april 01 2020 announcement-no-image announcement-426\">\n\n\t\n\t\t<a class=\"cd-timeline-icon-link\" href=\"https:\/\/www.hip.fi\/bic\/announcement\/1-kiinnostuitko-osallistumaan\/\">\n\n\t\t\t\n\t\t<div class=\"cd-timeline-img cd-picture\" style=\"background:#d65050;\">\n\n\t\t\t<!-- Custom Action Hook -->\n\t\t\t\n\t\t\t\t<!-- Standard Font Awesome Icon -->\n\t\t\t\t<span class=\"fa fa-pencil-square\" title=\"1. Kiinnostuitko osallistumaan?\"><\/span>\n\n\t\t\t\n\t\t<\/div> <!-- cd-timeline-img -->\n\n\t\n\t\t<\/a>\n\n\t\t\n\t<!-- Timeline Content -->\n\t<div class=\"cd-timeline-content\">\n\n\t\t\n\t\t<!-- Announcement Title -->\n\t\t<div class=\"cd-timeline-title-container\">\n\n\t\t\t\n\t\t\t<h2 class=\"cd-timeline-item-title\">\n\t\t\t\t1. Kiinnostuitko osallistumaan?\t\t\t<\/h2>\n\n\t\t\t\t\t\t\t<p class=\"timeline-date\">\n\t\t\t\t\tApril 1, 2020\t\t\t\t<\/p>\n\t\t\t\t\t\t<\/div>\n\t\t<!-- End Announcement Title -->\n\n\t\t\n\t\t<!-- Announcement Excerpt -->\n\t\t<div class=\"the-excerpt\">\n\t\t\t<a class=\"timeline-express-read-more-link\" href=\"https:\/\/www.hip.fi\/bic\/announcement\/1-kiinnostuitko-osallistumaan\/\"> Read more<\/a>\t\t<\/div>\n\t\t<!-- End Announcement Excerpt -->\n\n\t\t\n\t<\/div>\n\t<!-- End Timeline Content -->\n\n<\/div>\n<!-- End Timeline Block -->\n\n<div class=\"cd-timeline-block april 02 2020 announcement-no-image announcement-427\">\n\n\t\n\t\t<a class=\"cd-timeline-icon-link\" href=\"https:\/\/www.hip.fi\/bic\/announcement\/2-the-preliminary-screening\/\">\n\n\t\t\t\n\t\t<div class=\"cd-timeline-img cd-picture\" style=\"background:#d65050;\">\n\n\t\t\t<!-- Custom Action Hook -->\n\t\t\t\n\t\t\t\t<!-- Standard Font Awesome Icon -->\n\t\t\t\t<span class=\"fa fa-search-plus\" title=\"2. The preliminary screening\"><\/span>\n\n\t\t\t\n\t\t<\/div> <!-- cd-timeline-img -->\n\n\t\n\t\t<\/a>\n\n\t\t\n\t<!-- Timeline Content -->\n\t<div class=\"cd-timeline-content\">\n\n\t\t\n\t\t<!-- Announcement Title -->\n\t\t<div class=\"cd-timeline-title-container\">\n\n\t\t\t\n\t\t\t<h2 class=\"cd-timeline-item-title\">\n\t\t\t\t2. The preliminary screening\t\t\t<\/h2>\n\n\t\t\t\t\t\t\t<p class=\"timeline-date\">\n\t\t\t\t\tApril 2, 2020\t\t\t\t<\/p>\n\t\t\t\t\t\t<\/div>\n\t\t<!-- End Announcement Title -->\n\n\t\t\n\t\t<!-- Announcement Excerpt -->\n\t\t<div class=\"the-excerpt\">\n\t\t\t<p>The preliminary screening will evaluate suitability of the idea for the FBC program. If required FBC will then help find a CERN&#8230;<\/p>\n<a class=\"timeline-express-read-more-link\" href=\"https:\/\/www.hip.fi\/bic\/announcement\/2-the-preliminary-screening\/\"> Read more<\/a>\t\t<\/div>\n\t\t<!-- End Announcement Excerpt -->\n\n\t\t\n\t<\/div>\n\t<!-- End Timeline Content -->\n\n<\/div>\n<!-- End Timeline Block -->\n\n<div class=\"cd-timeline-block april 02 2020 announcement-no-image announcement-428\">\n\n\t\n\t\t<a class=\"cd-timeline-icon-link\" href=\"https:\/\/www.hip.fi\/bic\/announcement\/2-esihakemusten-arviointi\/\">\n\n\t\t\t\n\t\t<div class=\"cd-timeline-img cd-picture\" style=\"background:#d65050;\">\n\n\t\t\t<!-- Custom Action Hook -->\n\t\t\t\n\t\t\t\t<!-- Standard Font Awesome Icon -->\n\t\t\t\t<span class=\"fa fa-search-plus\" title=\"2. Esihakemusten arviointi\"><\/span>\n\n\t\t\t\n\t\t<\/div> <!-- cd-timeline-img -->\n\n\t\n\t\t<\/a>\n\n\t\t\n\t<!-- Timeline Content -->\n\t<div class=\"cd-timeline-content\">\n\n\t\t\n\t\t<!-- Announcement Title -->\n\t\t<div class=\"cd-timeline-title-container\">\n\n\t\t\t\n\t\t\t<h2 class=\"cd-timeline-item-title\">\n\t\t\t\t2. Esihakemusten arviointi\t\t\t<\/h2>\n\n\t\t\t\t\t\t\t<p class=\"timeline-date\">\n\t\t\t\t\tApril 2, 2020\t\t\t\t<\/p>\n\t\t\t\t\t\t<\/div>\n\t\t<!-- End Announcement Title -->\n\n\t\t\n\t\t<!-- Announcement Excerpt -->\n\t\t<div class=\"the-excerpt\">\n\t\t\t<p>Alustavassa tarkastelussa\u00a0arvioidaan idean soveltuvuutta ohjelmaa varten.<\/p>\n<a class=\"timeline-express-read-more-link\" href=\"https:\/\/www.hip.fi\/bic\/announcement\/2-esihakemusten-arviointi\/\"> Read more<\/a>\t\t<\/div>\n\t\t<!-- End Announcement Excerpt -->\n\n\t\t\n\t<\/div>\n\t<!-- End Timeline Content -->\n\n<\/div>\n<!-- End Timeline Block -->\n\n<div class=\"cd-timeline-block april 03 2020 announcement-no-image announcement-448\">\n\n\t\n\t\t<a class=\"cd-timeline-icon-link\" href=\"https:\/\/www.hip.fi\/bic\/announcement\/3-finalising-the-application\/\">\n\n\t\t\t\n\t\t<div class=\"cd-timeline-img cd-picture\" style=\"background:#d65050;\">\n\n\t\t\t<!-- Custom Action Hook -->\n\t\t\t\n\t\t\t\t<!-- Standard Font Awesome Icon -->\n\t\t\t\t<span class=\"fa fa-check-circle\" title=\"3. Finalising the application\"><\/span>\n\n\t\t\t\n\t\t<\/div> <!-- cd-timeline-img -->\n\n\t\n\t\t<\/a>\n\n\t\t\n\t<!-- Timeline Content -->\n\t<div class=\"cd-timeline-content\">\n\n\t\t\n\t\t<!-- Announcement Title -->\n\t\t<div class=\"cd-timeline-title-container\">\n\n\t\t\t\n\t\t\t<h2 class=\"cd-timeline-item-title\">\n\t\t\t\t3. Finalising the application\t\t\t<\/h2>\n\n\t\t\t\t\t\t\t<p class=\"timeline-date\">\n\t\t\t\t\tApril 3, 2020\t\t\t\t<\/p>\n\t\t\t\t\t\t<\/div>\n\t\t<!-- End Announcement Title -->\n\n\t\t\n\t\t<!-- Announcement Excerpt -->\n\t\t<div class=\"the-excerpt\">\n\t\t\t<p>The application is finalised as necessary with the applicant and the connection to CERN technologies is established.<\/p>\n<a class=\"timeline-express-read-more-link\" href=\"https:\/\/www.hip.fi\/bic\/announcement\/3-finalising-the-application\/\"> Read more<\/a>\t\t<\/div>\n\t\t<!-- End Announcement Excerpt -->\n\n\t\t\n\t<\/div>\n\t<!-- End Timeline Content -->\n\n<\/div>\n<!-- End Timeline Block -->\n\n<div class=\"cd-timeline-block april 03 2020 announcement-no-image announcement-449\">\n\n\t\n\t\t<a class=\"cd-timeline-icon-link\" href=\"https:\/\/www.hip.fi\/bic\/announcement\/3-hakemuksen-viimeistely\/\">\n\n\t\t\t\n\t\t<div class=\"cd-timeline-img cd-picture\" style=\"background:#d65050;\">\n\n\t\t\t<!-- Custom Action Hook -->\n\t\t\t\n\t\t\t\t<!-- Standard Font Awesome Icon -->\n\t\t\t\t<span class=\"fa fa-check-circle\" title=\"3. Hakemuksen viimeistely\"><\/span>\n\n\t\t\t\n\t\t<\/div> <!-- cd-timeline-img -->\n\n\t\n\t\t<\/a>\n\n\t\t\n\t<!-- Timeline Content -->\n\t<div class=\"cd-timeline-content\">\n\n\t\t\n\t\t<!-- Announcement Title -->\n\t\t<div class=\"cd-timeline-title-container\">\n\n\t\t\t\n\t\t\t<h2 class=\"cd-timeline-item-title\">\n\t\t\t\t3. Hakemuksen viimeistely\t\t\t<\/h2>\n\n\t\t\t\t\t\t\t<p class=\"timeline-date\">\n\t\t\t\t\tApril 3, 2020\t\t\t\t<\/p>\n\t\t\t\t\t\t<\/div>\n\t\t<!-- End Announcement Title -->\n\n\t\t\n\t\t<!-- Announcement Excerpt -->\n\t\t<div class=\"the-excerpt\">\n\t\t\t<p>Tarvittaessa hakemusta t\u00e4ydennet\u00e4\u00e4n CERN mahdollisella teknologisen osaamisen osalta ja hakemus viimeistell\u00e4\u00e4n yhdess\u00e4 hakijan kanssa.<\/p>\n<a class=\"timeline-express-read-more-link\" href=\"https:\/\/www.hip.fi\/bic\/announcement\/3-hakemuksen-viimeistely\/\"> Read more<\/a>\t\t<\/div>\n\t\t<!-- End Announcement Excerpt -->\n\n\t\t\n\t<\/div>\n\t<!-- End Timeline Content -->\n\n<\/div>\n<!-- End Timeline Block -->\n\n\t\t\t<\/section>\n\n\t\t\t<!-- Timeline Express Free v1.8.1 | Site: https:\/\/www.wp-timelineexpress.com | Author: CodeParrots - http:\/\/www.codeparrots.com --><\/p>\n<\/div>\n<\/div><\/div><\/div><div id=\"panel-571-1-1-2\" class=\"so-panel widget widget_sow-button panel-last-child\" data-index=\"3\" ><div style=\"text-align: left;\" data-title-color=\"#443f3f\" data-headings-color=\"#443f3f\" class=\"panel-widget-style panel-widget-style-for-571-1-1-2\" ><div\n\t\t\t\n\t\t\tclass=\"so-widget-sow-button so-widget-sow-button-atom-9cfdc94916a0-449\"\n\t\t\t\n\t\t><div class=\"ow-button-base ow-button-align-center\"\n>\n\t\t\t<a\n\t\t\t\t\thref=\"https:\/\/www.hip.fi\/bic\/apply\/\"\n\t\t\t\t\tclass=\"sowb-button ow-icon-placement-left ow-button-hover\" \t>\n\t\t<span>\n\t\t\t\n\t\t\tMORE INFORMATION\t\t<\/span>\n\t\t\t<\/a>\n\t<\/div>\n<\/div><\/div><\/div><\/div><div id=\"pgc-571-1-2\"  class=\"panel-grid-cell panel-grid-cell-empty\" ><\/div><\/div><\/div><div id=\"pg-571-2\"  class=\"panel-grid panel-has-style\" ><div style=\"text-align: center;padding: 100px 0; \" id=\"incubatees\" data-overlay=\"true\" data-overlay-color=\"#000000\" class=\"panel-row-style panel-row-style-for-571-2\" ><div id=\"pgc-571-2-0\"  class=\"panel-grid-cell\" ><div id=\"panel-571-2-0-0\" class=\"so-panel widget widget_sydney_clients sydney_clients_widget panel-first-child panel-last-child\" data-index=\"4\" ><div class=\"emi-tp-box panel-widget-style panel-widget-style-for-571-2-0-0\" >\r\n\r\n\t\t\t<h3 class=\"widget-title\">Our incubatees<\/h3>\t\t\t\t<div class=\"roll-client\">\r\n\t\t\t\t\t\t\t\t\t\t\t\t\t\t\t\t\t\t\t\t<div class=\"client-item\">\r\n\t\t\t\t\t\t\t\t\t\t\t\t\t\t\t<a target=\"_self\" href=\"http:\/\/vinkkisolutions.com\"><img loading=\"lazy\" decoding=\"async\" width=\"200\" height=\"200\" src=\"https:\/\/www.hip.fi\/bic\/wp-content\/uploads\/sites\/4\/2015\/09\/tba.png\" class=\"attachment-post-thumbnail size-post-thumbnail wp-post-image\" alt=\"\" srcset=\"https:\/\/www.hip.fi\/bic\/wp-content\/uploads\/sites\/4\/2015\/09\/tba.png 200w, https:\/\/www.hip.fi\/bic\/wp-content\/uploads\/sites\/4\/2015\/09\/tba-150x150.png 150w\" sizes=\"auto, (max-width: 200px) 100vw, 200px\" \/><\/a>\r\n\t\t\t\t\t\t\t\t\t\t\t\t\t<\/div>\r\n\t\t\t\t\t\t\t\t\t\t\t\t\t<\/div>\t\t\r\n\r\n\t\t\t\t\r\n\r\n\r\n\t<\/div><\/div><\/div><\/div><\/div><div id=\"pg-571-3\"  class=\"panel-grid panel-has-style\" ><div class=\"siteorigin-panels-stretch panel-row-style panel-row-style-for-571-3\" style=\"color: #ffffff;background-image: url(https:\/\/www.hip.fi\/bic\/wp-content\/uploads\/sites\/4\/2015\/09\/1307174_18-scaled-1.jpg);padding: 100px 0; \" id=\"us\" data-stretch-type=\"full-stretched\" data-hascolor=\"hascolor\" data-hasbg=\"hasbg\" data-overlay=\"true\" data-overlay-color=\"#000000\" ><div id=\"pgc-571-3-0\"  class=\"panel-grid-cell panel-grid-cell-empty\" ><\/div><div id=\"pgc-571-3-1\"  class=\"panel-grid-cell\" ><div id=\"panel-571-3-1-0\" class=\"so-panel widget widget_sow-editor panel-first-child\" data-index=\"5\" ><div class=\"semi-tp-box panel-widget-style panel-widget-style-for-571-3-1-0\" style=\"text-align: left;\" data-title-color=\"#ffffff\" data-headings-color=\"#ffffff\" ><div\n\t\t\t\n\t\t\tclass=\"so-widget-sow-editor so-widget-sow-editor-base\"\n\t\t\t\n\t\t><h3 class=\"widget-title\">FBC<\/h3>\n<div class=\"siteorigin-widget-tinymce textwidget\">\n\t<p style=\"text-align: center;\">The purpose of <strong>FBC<\/strong> is to aid Finnish researchers, entrepreneurs and SMEs (small- and medium-sized enterprises) to gain access to CERN related technology developments. <strong>FBC<\/strong> is part of the network of BICs involved in utilizing technological developments at CERN.<\/p>\n<\/div>\n<\/div><\/div><\/div><div id=\"panel-571-3-1-1\" class=\"so-panel widget widget_sow-button panel-last-child\" data-index=\"6\" ><div style=\"text-align: left;\" data-title-color=\"#443f3f\" data-headings-color=\"#443f3f\" class=\"panel-widget-style panel-widget-style-for-571-3-1-1\" ><div\n\t\t\t\n\t\t\tclass=\"so-widget-sow-button so-widget-sow-button-flat-477daa31e79f-481\"\n\t\t\t\n\t\t><div class=\"ow-button-base ow-button-align-center\"\n>\n\t\t\t<a\n\t\t\t\t\thref=\"https:\/\/www.hip.fi\/bic\/about-us\/\"\n\t\t\t\t\tclass=\"sowb-button ow-icon-placement-left ow-button-hover\" \t>\n\t\t<span>\n\t\t\t\n\t\t\tMORE\t\t<\/span>\n\t\t\t<\/a>\n\t<\/div>\n<\/div><\/div><\/div><\/div><div id=\"pgc-571-3-2\"  class=\"panel-grid-cell\" ><div id=\"panel-571-3-2-0\" class=\"so-panel widget widget_sow-editor panel-first-child\" data-index=\"7\" ><div class=\"semi-tp-box panel-widget-style panel-widget-style-for-571-3-2-0\" style=\"text-align: left;\" data-title-color=\"#ffffff\" data-headings-color=\"#443f3f\" ><div\n\t\t\t\n\t\t\tclass=\"so-widget-sow-editor so-widget-sow-editor-base\"\n\t\t\t\n\t\t><h3 class=\"widget-title\">HIP<\/h3>\n<div class=\"siteorigin-widget-tinymce textwidget\">\n\t<p style=\"text-align: center;\">The Helsinki Institute of Physics is a physics research institute that is operated jointly by the University of Helsinki, Aalto University, the University of Jyv\u00e4skyl\u00e4, the Lappeenranta University of Technology, and the Tampere University of Technology. .<\/p>\n<\/div>\n<\/div><\/div><\/div><div id=\"panel-571-3-2-1\" class=\"so-panel widget widget_sow-button panel-last-child\" data-index=\"8\" ><div style=\"text-align: left;\" data-title-color=\"#443f3f\" data-headings-color=\"#443f3f\" class=\"panel-widget-style panel-widget-style-for-571-3-2-1\" ><div\n\t\t\t\n\t\t\tclass=\"so-widget-sow-button so-widget-sow-button-flat-477daa31e79f-481\"\n\t\t\t\n\t\t><div class=\"ow-button-base ow-button-align-center\"\n>\n\t\t\t<a\n\t\t\t\t\thref=\"https:\/\/www.hip.fi\/bic\/about-us\/\"\n\t\t\t\t\tclass=\"sowb-button ow-icon-placement-left ow-button-hover\" \t>\n\t\t<span>\n\t\t\t\n\t\t\tMORE\t\t<\/span>\n\t\t\t<\/a>\n\t<\/div>\n<\/div><\/div><\/div><\/div><div id=\"pgc-571-3-3\"  class=\"panel-grid-cell panel-grid-cell-mobile-last\" ><div id=\"panel-571-3-3-0\" class=\"so-panel widget widget_sow-editor panel-first-child\" data-index=\"9\" ><div class=\"semi-tp-box panel-widget-style panel-widget-style-for-571-3-3-0\" style=\"text-align: left;\" data-title-color=\"#ffffff\" data-headings-color=\"#443f3f\" ><div\n\t\t\t\n\t\t\tclass=\"so-widget-sow-editor so-widget-sow-editor-base\"\n\t\t\t\n\t\t><h3 class=\"widget-title\">Cern<\/h3>\n<div class=\"siteorigin-widget-tinymce textwidget\">\n\t<p style=\"text-align: center;\">CERN, near Geneva, is the world\u2019s largest laboratory for particle physics. It was the birthplace of the World Wide Web in 1990 and is home to the Large Hadron Collider where Higgs\u2019 particle was found in 2012.\u00a0CERN celebrated its 60 year birthday in 2014 signifying its extensive and long-lasting technology development history.<\/p>\n<\/div>\n<\/div><\/div><\/div><div id=\"panel-571-3-3-1\" class=\"so-panel widget widget_sow-button panel-last-child\" data-index=\"10\" ><div style=\"text-align: left;\" data-title-color=\"#443f3f\" data-headings-color=\"#443f3f\" class=\"panel-widget-style panel-widget-style-for-571-3-3-1\" ><div\n\t\t\t\n\t\t\tclass=\"so-widget-sow-button so-widget-sow-button-flat-477daa31e79f-481\"\n\t\t\t\n\t\t><div class=\"ow-button-base ow-button-align-center\"\n>\n\t\t\t<a\n\t\t\t\t\thref=\"https:\/\/www.hip.fi\/bic\/about-us\/\"\n\t\t\t\t\tclass=\"sowb-button ow-icon-placement-left ow-button-hover\" \t>\n\t\t<span>\n\t\t\t\n\t\t\tMORE\t\t<\/span>\n\t\t\t<\/a>\n\t<\/div>\n<\/div><\/div><\/div><\/div><div id=\"pgc-571-3-4\"  class=\"panel-grid-cell panel-grid-cell-empty\" ><\/div><\/div><\/div><div id=\"pg-571-4\"  class=\"panel-grid panel-has-style\" ><div style=\"text-align: center;padding: 100px 0; \" id=\"news\" data-overlay=\"true\" data-overlay-color=\"#000000\" class=\"panel-row-style panel-row-style-for-571-4\" ><div id=\"pgc-571-4-0\"  class=\"panel-grid-cell\" ><div id=\"panel-571-4-0-0\" class=\"so-panel widget widget_siteorigin-panels-postloop panel-first-child panel-last-child\" data-index=\"11\" ><div style=\"text-align: left;\" data-title-color=\"#443f3f\" data-headings-color=\"#443f3f\" class=\"panel-widget-style panel-widget-style-for-571-4-0-0\" ><h3 class=\"widget-title\">Press releases<\/h3>\n\n<article id=\"post-41\" class=\"post-41 post type-post status-publish format-standard has-post-thumbnail hentry category-press-release\">\n\t<div class=\"content-inner\">\n\t\n\t\n\t\t<header class=\"entry-header\">\n\t\t\n\t\t<h1 class=\"title-post entry-title\" >New partnership encourages businesses to develop CERN tech (photo: CERN)<\/h1>\n\t\t\t\t\t<div class=\"entry-meta entry-meta-below delimiter-dot\"><span class=\"byline\"><span class=\"author vcard\">By  <a class=\"url fn n\" href=\"https:\/\/www.hip.fi\/bic\/author\/wwwadm22\/\">wwwadm22<\/a><\/span><\/span><span class=\"posted-on\"><a href=\"https:\/\/www.hip.fi\/bic\/2015\/09\/07\/press-release-1\/\" rel=\"bookmark\"><time class=\"entry-date published updated\" datetime=\"2015-09-07T19:33:57+00:00\" >September 7, 2015<\/time><\/a><\/span><span class=\"cat-links\"><a href=\"https:\/\/www.hip.fi\/bic\/category\/press-release\/\" rel=\"category tag\">Press release<\/a><\/span><\/div>\t\t\t<\/header><!-- .entry-header -->\n\t\n\t\t\t\t\t<div class=\"entry-thumb \">\n\t\t\t<img loading=\"lazy\" decoding=\"async\" width=\"855\" height=\"565\" src=\"https:\/\/www.hip.fi\/bic\/wp-content\/uploads\/sites\/4\/2015\/09\/kuva-BIC-sivusto-CERN.jpg\" class=\"attachment-large-thumb size-large-thumb wp-post-image\" alt=\"\" srcset=\"https:\/\/www.hip.fi\/bic\/wp-content\/uploads\/sites\/4\/2015\/09\/kuva-BIC-sivusto-CERN.jpg 855w, https:\/\/www.hip.fi\/bic\/wp-content\/uploads\/sites\/4\/2015\/09\/kuva-BIC-sivusto-CERN-300x198.jpg 300w, https:\/\/www.hip.fi\/bic\/wp-content\/uploads\/sites\/4\/2015\/09\/kuva-BIC-sivusto-CERN-768x508.jpg 768w, https:\/\/www.hip.fi\/bic\/wp-content\/uploads\/sites\/4\/2015\/09\/kuva-BIC-sivusto-CERN-230x152.jpg 230w, https:\/\/www.hip.fi\/bic\/wp-content\/uploads\/sites\/4\/2015\/09\/kuva-BIC-sivusto-CERN-350x231.jpg 350w, https:\/\/www.hip.fi\/bic\/wp-content\/uploads\/sites\/4\/2015\/09\/kuva-BIC-sivusto-CERN-480x317.jpg 480w\" sizes=\"auto, (max-width: 855px) 100vw, 855px\" \/>\t\t<\/div>\n\t\t\t\t\n\n\t<div class=\"entry-content\" >\n\t\t\n<h5 class=\"has-text-align-center wp-block-heading\">New partnership encourages businesses to develop CERN tech (photo: CERN)<\/h5>\n\n\n\n<p class=\"has-text-align-center\"><a rel=\"noreferrer noopener\" href=\"http:\/\/home.web.cern.ch\/about\/updates\/2015\/09\/new-partnership-encourages-businesses-develop-cern-tech\" target=\"_blank\">New partnership encourages businesses to develop CERN tech (click here to see the CERN Update)<\/a><\/p>\n\n\n\n<p><\/p>\n\t\t\t<\/div><!-- .entry-content -->\n\n\t<footer class=\"entry-footer\">\n\t\t\t<\/footer><!-- .entry-footer -->\n\n\t\t<\/div>\n\n<\/article><!-- #post-## -->\n\t<nav class=\"navigation post-navigation\" role=\"navigation\">\n\t\t<h2 class=\"screen-reader-text\">Post navigation<\/h2>\n\t\t<div class=\"nav-links clearfix\">\n\t\t<div class=\"nav-next\"><a href=\"https:\/\/www.hip.fi\/bic\/fi\/2015\/09\/09\/lehdistotiedote-1\/\" rel=\"next\">Uusi yrityskiihdytt\u00e4m\u00f6 Cernin teknologioiden siirtoon suomalaisille (kuva: CERN)<\/a><span><svg width=\"6\" height=\"9\" viewBox=\"0 0 6 9\" fill=\"none\" xmlns=\"http:\/\/www.w3.org\/2000\/svg\"><path d=\"M5.19643 4.45536C5.19643 4.38393 5.16071 4.30357 5.10714 4.25L0.946429 0.0892859C0.892857 0.0357151 0.8125 0 0.741071 0C0.669643 0 0.589286 0.0357151 0.535714 0.0892859L0.0892857 0.535715C0.0357143 0.589286 0 0.669643 0 0.741072C0 0.8125 0.0357143 0.892858 0.0892857 0.946429L3.59821 4.45536L0.0892857 7.96429C0.0357143 8.01786 0 8.09822 0 8.16964C0 8.25 0.0357143 8.32143 0.0892857 8.375L0.535714 8.82143C0.589286 8.875 0.669643 8.91072 0.741071 8.91072C0.8125 8.91072 0.892857 8.875 0.946429 8.82143L5.10714 4.66072C5.16071 4.60714 5.19643 4.52679 5.19643 4.45536Z\" fill=\"#6d7685\"\/><\/svg><\/span><\/div>\t\t<\/div><!-- .nav-links -->\n\t<\/nav><!-- .navigation -->\n\t<\/div><\/div><\/div><\/div><\/div><\/div>","protected":false},"excerpt":{"rendered":"<p>Our approach We operate Under the Technology Programme at HIP. It has contact points at each partner university of HIP. We offer [&hellip;]<\/p>\n","protected":false},"author":1,"featured_media":0,"parent":0,"menu_order":0,"comment_status":"closed","ping_status":"closed","template":"page-templates\/page_front-page.php","meta":{"footnotes":""},"class_list":["post-571","page","type-page","status-publish","hentry"],"_links":{"self":[{"href":"https:\/\/www.hip.fi\/bic\/wp-json\/wp\/v2\/pages\/571","targetHints":{"allow":["GET"]}}],"collection":[{"href":"https:\/\/www.hip.fi\/bic\/wp-json\/wp\/v2\/pages"}],"about":[{"href":"https:\/\/www.hip.fi\/bic\/wp-json\/wp\/v2\/types\/page"}],"author":[{"embeddable":true,"href":"https:\/\/www.hip.fi\/bic\/wp-json\/wp\/v2\/users\/1"}],"replies":[{"embeddable":true,"href":"https:\/\/www.hip.fi\/bic\/wp-json\/wp\/v2\/comments?post=571"}],"version-history":[{"count":0,"href":"https:\/\/www.hip.fi\/bic\/wp-json\/wp\/v2\/pages\/571\/revisions"}],"wp:attachment":[{"href":"https:\/\/www.hip.fi\/bic\/wp-json\/wp\/v2\/media?parent=571"}],"curies":[{"name":"wp","href":"https:\/\/api.w.org\/{rel}","templated":true}]}}