{"id":45,"date":"2014-03-11T12:13:54","date_gmt":"2014-03-11T12:13:54","guid":{"rendered":"http:\/\/research.hip.fi\/hwp\/cmsupg\/?page_id=45"},"modified":"2014-03-11T12:13:54","modified_gmt":"2014-03-11T12:13:54","slug":"theses","status":"publish","type":"page","link":"https:\/\/www.hip.fi\/cms-upgrade\/cms-upgrade\/theses\/","title":{"rendered":"Theses"},"content":{"rendered":"<h2>2016<\/h2>\n<h3>Doctoral thesis<\/h3>\n<ul>\n<li>\u00a0Aneliya Karadzhinova-Ferrer, Development of Quality Assurance Methods for Particle Detectors, Doctoral thesis, University of Helsinki, Faculty of Science, Department of Physics, Helsinki 2016, 78 pp.<\/li>\n<li>\u00a0Timo Peltola, Numerical simulations of semiconductor radiation detectors for high-energy physics and spectroscopy applications, Doctoral thesis, University of Helsinki, Faculty of Science, Department of Physics, Helsinki 2016, 72 pp.<\/li>\n<\/ul>\n<h2>2015<\/h2>\n<h3>Master&#8217;s thesis<\/h3>\n<ul>\n<li>Outi P\u00f6yry, CMS pixel module passivation by Atomic Layer Deposition (ALD) grown alumina, Master&#8217;s thesis, University of Helsinki, Faculty of Science, Department of Physics, Helsinki 2015, 49 pp.<\/li>\n<li>Jennifer Ott, Titanium nitride thin-film bias resistors for AC coupled segmented silicon detectors, Master&#8217;s thesis, University of Helsinki, Faculty of Science, Department of Chemistry, Helsinki 2015, 137 pp.<\/li>\n<\/ul>\n<h2>2012<\/h2>\n<h3>Master&#8217;s thesis<\/h3>\n<ul>\n<li>Tatyana Arsenovich, Atomic Layer Deposition (ALD) grown high-permittivity materials for radiation hard silicon particle detectors, Master&#8217;s thesis, Lappeenranta University of Technology,\u00a0 Department of Electrical Engineering, Lappeenranta 2012.<\/li>\n<\/ul>\n<h2>2011<\/h2>\n<h3>Doctoral thesis<\/h3>\n<ul>\n<li>Teppo M\u00e4enp\u00e4\u00e4, Position-sensitive silicon strip detector characterization using particle beams, Doctoral thesis. University of Helsinki, Faculty of Science, Department of Physics, Helsinki 2011, 4+99 pp.<\/li>\n<\/ul>\n<h3>Master&#8217;s thesis<\/h3>\n<ul>\n<li>Timo Peltola, Design and construction of a transient current technique set-up and characterization of irradiated silicon detectors, Master&#8217;s thesis. University of Helsinki, Faculty of Science, Department of Physics, Helsinki 2011, 8+142 pp.<\/li>\n<\/ul>\n<h2>2008<\/h2>\n<h3>Doctoral thesis<\/h3>\n<ul>\n<li>Esa Tuovinen, Processing of Radiation Hard Particle Detectors on Czochralski Silicon, Doctoral thesis. Helsinki University of Technology, Department of Electrical and Communications Engineering, Espoo 2008, 54 pp.<\/li>\n<\/ul>\n<h2>2006<\/h2>\n<h3>Doctoral thesis<\/h3>\n<ul>\n<li>Panja Luukka, Characterization of Czochralski Silicon Detectors, Doctoral thesis. Helsinki University of Technology, Department of Electrical and Communications Engineering, Espoo 2006, 41+24 pp.<\/li>\n<\/ul>\n<h3>Licentiate thesis<\/h3>\n<ul>\n<li>Teppo M\u00e4enp\u00e4\u00e4, The Finnish CMS-TOB Cosmic Muon Telescope, Licentiate thesis. University of Helsinki, Department of Physical Sciences, Helsinki 2006, 213 pp.<\/li>\n<\/ul>\n<h3>Master&#8217;s thesis<\/h3>\n<ul>\n<li>Petri Sane, Measurement system for cold-temperature current-voltage characteristic of silicon diodes (in Finnish), Master&#8217;s thesis, University of Helsinki, Department of Physical Sciences, Helsinki 2006, 68 pp.<\/li>\n<\/ul>\n<h2>2005<\/h2>\n<h3>Master&#8217;s thesis<\/h3>\n<ul>\n<li>Erkki Anttila, Design and Construction of the Mechanics of a Cosmic Ray Tracking Device, Master&#8217;s thesis. Tampere University of Technology, Department of Mechanical Engineering, Tampere 2005, 92 pp.<\/li>\n<li>Tapio Laihom\u00e4ki, Design, Manufacturing and Testing of an Electronics Housing for a Physics Experiment Device, Master&#8217;s thesis. Helsinki University of Technology, Department of Mechanical Engineering, Helsinki 2005, 71 pp.<\/li>\n<\/ul>\n<h2>2004<\/h2>\n<h3>Doctoral thesis<\/h3>\n<ul>\n<li>Donatella Ungaro, Controls for RPC Trigger Link, Doctoral thesis. University of Helsinki, Department of Physical Sciences, Helsinki 2004, 148 pp.<\/li>\n<\/ul>\n<h3>Master&#8217;s thesis<\/h3>\n<ul>\n<li>\u00a0Tommi Syrj\u00e4l\u00e4, Tolerance design and coordinate measurement in product development, Master&#8217;s thesis. Helsinki University of Technology, Department of Mechanical Engineering, Espoo 2004.<\/li>\n<\/ul>\n<h2>2003<\/h2>\n<h3>Doctoral thesis<\/h3>\n<ul>\n<li>Eija Tuominen, Development of radiation hard radiation detectors &#8211; Differences between Czochralski silicon and float zone silicon, Doctoral thesis. Helsinki University of Technology, Department of Electrical and Communications Engineering, Espoo 2003, 36 pp.<\/li>\n<\/ul>\n<h3>Master&#8217;s thesis<\/h3>\n<ul>\n<li>Esa Tuovinen, Processing of silicon microstrip particle detectors, Master&#8217;s thesis. Helsinki University of Technology, Department of Electrical and Communications Engineering, Espoo 2003, 56 pp.<\/li>\n<li>Maria Korshun, Optical 1,6 GHz link for triggering RPC-detector (in Finnish), Master&#8217;s thesis. Lappeenranta University of Technology, Department of Electrical Engineering, Lappeenranta 2003, 56 pp.<\/li>\n<\/ul>\n<h2>2002<\/h2>\n<h3>Master&#8217;s thesis<\/h3>\n<ul>\n<li>Panja Luukka, Testing setup for the silicon strip detector modules, Master&#8217;s thesis. Helsinki University of Technology, Department of Materials Science and Rock Engineering, Espoo 2002. 78 pp.<\/li>\n<\/ul>\n<h2>2001<\/h2>\n<h3>Master&#8217;s thesis<\/h3>\n<ul>\n<li>Patrik Johansson, Slow Control System for the Silicon Beam Telescope, Master&#8217;s thesis. Helsinki University of Technology. Espoo February 2001. 86 pages.<\/li>\n<li>Antti Heikkil\u00e4, Link Board Prototype for the Data Transmission Chain of Resistive Plate Chamber Detector, Master&#8217;s thesis. Helsinki University of Technology. Espoo December 2001. 61 pages.<\/li>\n<\/ul>\n","protected":false},"excerpt":{"rendered":"<p>2016 Doctoral thesis \u00a0Aneliya Karadzhinova-Ferrer, Development of Quality Assurance Methods for Particle Detectors, Doctoral thesis, University of Helsinki, Faculty of Science, Department of Physics, Helsinki 2016, 78 pp. \u00a0Timo Peltola, Numerical simulations of semiconductor radiation detectors for high-energy physics and spectroscopy applications, Doctoral thesis, University of Helsinki, Faculty of Science, Department of Physics, Helsinki 2016, [&hellip;]<\/p>\n","protected":false},"author":1,"featured_media":0,"parent":11,"menu_order":0,"comment_status":"closed","ping_status":"closed","template":"","meta":{"footnotes":""},"class_list":["post-45","page","type-page","status-publish","hentry","post"],"_links":{"self":[{"href":"https:\/\/www.hip.fi\/cms-upgrade\/wp-json\/wp\/v2\/pages\/45","targetHints":{"allow":["GET"]}}],"collection":[{"href":"https:\/\/www.hip.fi\/cms-upgrade\/wp-json\/wp\/v2\/pages"}],"about":[{"href":"https:\/\/www.hip.fi\/cms-upgrade\/wp-json\/wp\/v2\/types\/page"}],"author":[{"embeddable":true,"href":"https:\/\/www.hip.fi\/cms-upgrade\/wp-json\/wp\/v2\/users\/1"}],"replies":[{"embeddable":true,"href":"https:\/\/www.hip.fi\/cms-upgrade\/wp-json\/wp\/v2\/comments?post=45"}],"version-history":[{"count":0,"href":"https:\/\/www.hip.fi\/cms-upgrade\/wp-json\/wp\/v2\/pages\/45\/revisions"}],"up":[{"embeddable":true,"href":"https:\/\/www.hip.fi\/cms-upgrade\/wp-json\/wp\/v2\/pages\/11"}],"wp:attachment":[{"href":"https:\/\/www.hip.fi\/cms-upgrade\/wp-json\/wp\/v2\/media?parent=45"}],"curies":[{"name":"wp","href":"https:\/\/api.w.org\/{rel}","templated":true}]}}