{"id":185,"date":"2016-01-13T17:57:30","date_gmt":"2016-01-13T17:57:30","guid":{"rendered":"http:\/\/research.hip.fi\/hwp\/cosmology\/?page_id=185"},"modified":"2016-01-13T17:57:30","modified_gmt":"2016-01-13T17:57:30","slug":"publications-2014","status":"publish","type":"page","link":"https:\/\/www.hip.fi\/cosmology-of-the-early-and-late-universe\/publications\/publications-2014\/","title":{"rendered":"2014 report"},"content":{"rendered":"<h1>2014 report<\/h1>\n<p>&nbsp;<\/p>\n<p><strong>2014 Publications<\/strong><\/p>\n<p><em>T. Alanne, K. Tuominen, and V. Vaskonen<\/em>,<br \/>\nStrong phase transition, dark matter and vacuum stability from simple hidden sectors,<br \/>\nNucl. Phys. B 889 (2014) 692<\/p>\n<p><em>S. Aoyama, T. Sekiguchi, K. Ichiki, and N. Sugiyama<\/em>,<br \/>\nEvolution of perturbations and cosmological constraints in decaying dark matter models with arbitrary decay mass products,<br \/>\nJ. Cosmol. Astropart. Phys. 07 (2014) 021<\/p>\n<p><em>P. Baratella, M. Cirelli, A. Hektor, J. Pata, M. Piibeleht, and A. Strumia<\/em>,<br \/>\nPPPC 4 DM\u03bd: a poor particle physicist cookbook for neutrinos from Dark Matter annihilations in the Sun,<br \/>\nJ. Cosmol. Astropart. Phys. 03 (2014) 053<\/p>\n<p><em>K. Enqvist and M. Kar\u010diauskas<\/em>,<br \/>\nDoes Planck really rule out monomial inflation?,<br \/>\nJ. Cosmol. Astropart. Phys. 02 (2014) 034<\/p>\n<p><em>K. Enqvist, R. N. Lerner, and T. Takahashi<\/em>,<br \/>\nThe minimal curvaton-higgs model,<br \/>\nJ. Cosmol. Astropart. Phys. 01 (2014) 006<\/p>\n<p><em>K. Enqvist, T. Meriniemi, and S. Nurmi<\/em>,<br \/>\nHiggs dynamics during inflation,<br \/>\nJ. Cosmol. Astropart. Phys. 07 (2014) 025<\/p>\n<p><em>K. Enqvist, S. Nurmi, and S. Rusak,&nbsp;<\/em><br \/>\nNon-Abelian dynamics in the resonant decay of the Higgs after inflation,<br \/>\nJ. Cosmol. Astropart. Phys. 10 (2014) 064<\/p>\n<p><em>K. Enqvist, S. Nurmi, T. Tenkanen, and K. Tuominen,&nbsp;<\/em><br \/>\nStandard Model with a real singlet scalar and inflation,<br \/>\nJ. Cosmol. Astropart. Phys. 08 (2014) 035<\/p>\n<p><em>A. Hektor, M. Raidal, A. Strumia, and E. Tempel,&nbsp;<\/em><br \/>\nThe cosmic-ray positron excess from a local Dark Matter over-density,<br \/>\nPhys. Lett. B 728 (2014) 58<\/p>\n<p><em>M. Herranen, T. Markkanen, S. Nurmi, and A. Rajantie,&nbsp;<\/em><br \/>\nSpacetime curvature and the Higgs stability during inflation,<br \/>\nPhys. Rev. Lett. 113 (2014) 211102<\/p>\n<p><em>M. Herranen, T. Markkanen, and A. Tranberg,&nbsp;<\/em><br \/>\nQuantum corrections to scalar field dynamics in a slow-roll space-time,<br \/>\nJ. High Energy Phys. 05 (2014) 26<\/p>\n<p><em>M. Hindmarsh, R. Kirk, and S. M. West,&nbsp;<\/em><br \/>\nDark matter from decaying topological defects,<br \/>\nJ. Cosmol. Astropart. Phys. 03 (2014) 037<\/p>\n<p><em>M. Kawasaki, T. Sekiguchi, T. Takahashi, and S. Yokoyama,&nbsp;<\/em><br \/>\nIsocurvature perturbations and tensor mode in light of Planck and BICEP2,<br \/>\nJ. Cosmol. Astropart. Phys. 08 (2014) 043<\/p>\n<p><em>K. Kettula, S. Giodini, E. van Uitert, H. Hoekstra, A. Finoguenov, M. Lerchster, T. Erben, C. Heymans, H. Hildebrandt, T.D. Kitching et al.,<\/em><br \/>\nCFHTLenS: Weak lensing calibrated scaling relations for low mass clusters of galaxies,<br \/>\nMon.Not.Roy.Astron.Soc. 451 (2015) no.2, 1460-1481<\/p>\n<p><em>K. Kohri, Y. Oyama, T. Sekiguchi, and T. Takahashi,&nbsp;<\/em><br \/>\nProbing lepton asymmetry with 21 cm fluctuations,<br \/>\nJ. Cosmol. Astropart. Phys. 09 (2014) 014<\/p>\n<p><em>T. Koivisto, D. Wills, and I. Zavala,&nbsp;<\/em><br \/>\nDark D-brane cosmology,<br \/>\nJ. Cosmol. Astropart. Phys. 06 (2014) 036<\/p>\n<p><em>R. N. Lerner and S. Melville,<\/em><br \/>\nQuantifying the \u2019naturalness\u2019 of the curvaton model,<br \/>\nJ. Cosmol. Astropart. Phys. 07 (2014) 026<\/p>\n<p><em>J. Lizarraga, J. Urrestilla, D. Daverio, M. Hindmarsh, M. Kunz, and<br \/>\nA. R. Liddle,&nbsp;<\/em><br \/>\nConstraining topological defects with temperature and polarization anisotropies,<br \/>\nPhys. Rev. D 90 (2014) 103504<\/p>\n<p><em>J. Lizarraga, J. Urrestilla, D. Daverio, M. Hindmarsh, M. Kunz, and A. R. Liddle,&nbsp;<\/em><br \/>\nCan topological defects mimic the BICEP2&nbsp;B-mode signal?,<br \/>\nPhys. Rev. Lett. 112 (2014) 171301<\/p>\n<p><em>M. Mirkazemi, A. Finoguenov, M.J. Pereira, M. Tanaka, M. Lerchster, F. Brimioulle, E. Egami, K. Kettula, G. Erfanianfar, H.J. McCracken et al.,<\/em><br \/>\nBrightest X-ray clusters of galaxies in the CFHTLS wide fields: Catalog and optical mass estimator<br \/>\nAstrophys.J. 799 (2015) no.1, 60<\/p>\n<p><em>K. Miyamoto, T. Sekiguchi, H. Tashiro, and S. Yokoyama,&nbsp;<\/em><br \/>\nCMB distortion anisotropies due to the decay of primordial magnetic fields,<br \/>\nPhys. Rev. D 89 (2014) 063508<\/p>\n<p><em>S. Nadathur and S. Hotchkiss,<\/em><br \/>\nA robust public catalogue of voids and superclusters in the SDSS Data Release 7 galaxy surveys,<br \/>\nMon. Not. R. Astron. Soc. 440 (2014) 1248<\/p>\n<p><em>S. Nadathur, M. Lavinto, S. Hotchkiss, and S. R\u00e4s\u00e4nen,&nbsp;<\/em><br \/>\nCan a supervoid explain the cold spot?,<br \/>\nPhys. Rev. D 90 (2014) 103510<\/p>\n<p><em>S. Nurmi and M. S. Sloth,&nbsp;<\/em><br \/>\nConstraints on gauge field production during inflation,<br \/>\nJ. Cosmol. Astropart. Phys. 07 (2014) 012<\/p>\n<p><em>S. R\u00e4s\u00e4nen,&nbsp;<\/em><br \/>\nA covariant treatment of cosmic parallax,<br \/>\nJ. Cosmol. Astropart. Phys. 03 (2014) 035<\/p>\n<p><em>T. Sekiguchi and H. Tashiro,&nbsp;<\/em><br \/>\nConstraining warm dark matter with 21 cm line fluctuations due to minihalos,<br \/>\nJ. Cosmol. Astropart. Phys. 08 (2014) 007<\/p>\n<p><em>T. Sekiguchi, H. Tashiro, J. Silk, and N. Sugiyama,&nbsp;<\/em><br \/>\nCosmological signatures of tilted isocurvature perturbations: reionization and 21cm fluctuations,<br \/>\nJ. Cosmol. Astropart. Phys. 03 (2014) 001<\/p>\n<p><em>H. Tashiro, T. Sekiguchi, and J. Silk,&nbsp;<\/em><br \/>\nHigh redshift signatures in the 21 cm forest due to cosmic string wakes,<br \/>\nJ. Cosmol. Astropart. Phys. 01 (2014) 013<\/p>\n<p><em>W. A. Watson, J. M. Diego, S. Gottl\u00f6ber, I. T. Iliev, A. Knebe, E. Mart\u00ednez-Gonz\u00e1lez, G. Yepes, R. B. Barreiro, J. Gonz\u00e1lez-Nuevo, S. Hotchkiss, A. Marcos-Caballero, S. Nadathur, and P. Vielva,<\/em><br \/>\nThe Jubilee ISW project &#8211; I. Simulated ISW and weak lensing maps and initial power spectra results,<br \/>\nMon. Not. R. Astron. Soc. 438 (2014) 412<\/p>\n<p>&nbsp;<\/p>\n<p><strong>2014 Visits out<\/strong><\/p>\n<p><em>University of Stavanger,&nbsp;<\/em><br \/>\n10\u201314 March, Stavanger, Norway (T. Markkanen)<\/p>\n<p><em>Annual Meeting of the Finnish Physical Society,&nbsp;<\/em><br \/>\n12 March, Tampere, Finland (talk by T. Alanne)<\/p>\n<p><em>Colloquium,&nbsp;<\/em><br \/>\n11 April, Jyv\u00e4skyl\u00e4, Finland (talk by K. Kainulainen)<\/p>\n<p><em>Progress on Old and New Themes in Cosmology (PONT) 2014,&nbsp;<\/em><br \/>\n14\u201318 April, Avignon, France (invited talk by K. Kainulainen, talk by M. Lavinto, T. Markkanen)<\/p>\n<p><em>Birzeit University,&nbsp;<\/em><br \/>\n16 April, Birzeit, West Bank, Palestine (S. R\u00e4s\u00e4nen)<\/p>\n<p><em>University of Barcelona,&nbsp;<\/em><br \/>\n19\u201323 April, Barcelona, Spain (T. Markkanen)<\/p>\n<p><em>Arizona State University,&nbsp;<\/em><br \/>\n1\u201330 May, Tempe, AZ, USA (K. Kettula)<\/p>\n<p><em>University of Stockholm,&nbsp;<\/em><br \/>\n13 May, Stockholm, Sweden (S. R\u00e4s\u00e4nen)<\/p>\n<p><em>Enqfest &#8211; 30 Years of Cosmology,&nbsp;<\/em><br \/>\n30\u201331 May, Helsinki, Finland (K. Kainulainen, organiser, M. Lavinto, S. R\u00e4s\u00e4nen, organiser, P. Wahlman, organiser)<\/p>\n<p><em>Clusters Paris 2014,&nbsp;<\/em><br \/>\n24\u201328 June, Paris, France (K. Kettula)<\/p>\n<p><em>Rencontres du Vietnam 2014: Physics at LHC and Beyond,&nbsp;<\/em><br \/>\n10\u201317 August, Qui Nhon, Vietnam (invited talk by K. Kainulainen)<\/p>\n<p><em>COSMO 2014,<\/em><br \/>\n25\u201329 August, Chicago, IL, USA (T. Markkanen)<\/p>\n<p><em>McGill University,&nbsp;<\/em><br \/>\n1\u20133 September, Montreal, Canada (T. Markkanen)<\/p>\n<p><em>University of Sussex,&nbsp;<\/em><br \/>\n15\u201320 September, Brighton, UK (T. Markkanen)<\/p>\n<p><em>Particle Physics and Cosmology Workshop,&nbsp;<\/em><br \/>\n25\u201326 September, Tampere, Finland (talk by T. Alanne, talk by H. Jukkala, K. Kainulainen, M. Lavinto, talk by M. P\u00e4\u00e4kk\u00f6nen,&nbsp;S. R\u00e4s\u00e4nen, talk by V. Vaskonen)<\/p>\n<p><em>Particle Cosmology after Planck,&nbsp;<\/em><br \/>\n25\u201329 September, DESY, Hamburg, Germany<br \/>\n(T. Markkanen)<\/p>\n<p><em>Dark Energy Interactions,&nbsp;<\/em><br \/>\n1\u20133 October, NORDITA, Stockholm, Sweden (S. R\u00e4s\u00e4nen)<\/p>\n<p><em>Particle Physics Day,&nbsp;<\/em><br \/>\n24 October, Jyv\u00e4skyl\u00e4, Finland (talk by T. Alanne, talk by V. Vaskonen)<\/p>\n<p><em>Cluster Surveys Conference,<\/em><br \/>\n3\u20136 November, Madrid, Spain (K. Kettula)<\/p>\n<p><em>York University,&nbsp;<\/em><br \/>\n24 November, Honolulu, HI, USA (talk by T. Alanne)<\/p>\n<p><em>University of Toronto,<\/em><br \/>\n25 November, Toronto, Canada (talk by T. Alanne)<\/p>\n<p><em>McGill University,&nbsp;<\/em><br \/>\n26 November, Montreal, Canada (talk by T. Alanne)<\/p>\n<p><em>Fellow Selection Board Meeting,&nbsp;<\/em><br \/>\n3\u20134 December, NORDITA, Stockholm, Sweden (K. Kainulainen)<\/p>\n","protected":false},"excerpt":{"rendered":"<p>2014 report &nbsp; 2014 Publications T. Alanne, K. Tuominen, and V. Vaskonen, Strong phase transition, dark matter and vacuum stability from simple hidden sectors, Nucl. Phys. B 889 (2014) 692 S. Aoyama, T. Sekiguchi, K. Ichiki, and N. Sugiyama, Evolution of perturbations and cosmological constraints in decaying dark matter models with arbitrary decay mass products, [&hellip;]<\/p>\n","protected":false},"author":1,"featured_media":0,"parent":26,"menu_order":0,"comment_status":"closed","ping_status":"closed","template":"","meta":{"footnotes":""},"class_list":["post-185","page","type-page","status-publish","hentry","post"],"_links":{"self":[{"href":"https:\/\/www.hip.fi\/cosmology-of-the-early-and-late-universe\/wp-json\/wp\/v2\/pages\/185","targetHints":{"allow":["GET"]}}],"collection":[{"href":"https:\/\/www.hip.fi\/cosmology-of-the-early-and-late-universe\/wp-json\/wp\/v2\/pages"}],"about":[{"href":"https:\/\/www.hip.fi\/cosmology-of-the-early-and-late-universe\/wp-json\/wp\/v2\/types\/page"}],"author":[{"embeddable":true,"href":"https:\/\/www.hip.fi\/cosmology-of-the-early-and-late-universe\/wp-json\/wp\/v2\/users\/1"}],"replies":[{"embeddable":true,"href":"https:\/\/www.hip.fi\/cosmology-of-the-early-and-late-universe\/wp-json\/wp\/v2\/comments?post=185"}],"version-history":[{"count":0,"href":"https:\/\/www.hip.fi\/cosmology-of-the-early-and-late-universe\/wp-json\/wp\/v2\/pages\/185\/revisions"}],"up":[{"embeddable":true,"href":"https:\/\/www.hip.fi\/cosmology-of-the-early-and-late-universe\/wp-json\/wp\/v2\/pages\/26"}],"wp:attachment":[{"href":"https:\/\/www.hip.fi\/cosmology-of-the-early-and-late-universe\/wp-json\/wp\/v2\/media?parent=185"}],"curies":[{"name":"wp","href":"https:\/\/api.w.org\/{rel}","templated":true}]}}