{"id":197,"date":"2016-01-13T21:10:55","date_gmt":"2016-01-13T21:10:55","guid":{"rendered":"http:\/\/research.hip.fi\/hwp\/cosmology\/?page_id=197"},"modified":"2016-01-13T21:10:55","modified_gmt":"2016-01-13T21:10:55","slug":"2015-report","status":"publish","type":"page","link":"https:\/\/www.hip.fi\/cosmology-of-the-early-and-late-universe\/publications\/2015-report\/","title":{"rendered":"2015 report"},"content":{"rendered":"<h1>2015 report<\/h1>\n<p>&nbsp;<\/p>\n<h3>2015 publications<\/h3>\n<p><i>S. R\u00e4s\u00e4nen in T. Buchert et al., <\/i><br \/>\n<b>Is there proof that backreaction of inhomogeneities is irrelevant in cosmology?, <\/b><br \/>\nClass. Quantum Grav. 32 (2015) 215021<\/p>\n<p><i>K. Enqvist, D. J. Mulryne, and S. Nurmi, <\/i><br \/>\n<b>Resolving primordial physics through correlated signatures, <\/b><br \/>\nJ. Cosmol. Astropart. Phys. 05 (2015) 010<\/p>\n<p><i>K. Enqvist, S. Nadathur, T. Sekiguchi, and T. Takahashi, <\/i><br \/>\n<b>Decaying dark matter and the tension in <i>\u03c3<\/i><sub>8<\/sub>, <\/b><br \/>\nJ. Cosmol. Astropart. Phys. 09 (2015) 067<\/p>\n<p><i>A. Golovnev, M. Kar\u010diauskas, and H. J. Nyrhinen, <\/i><br \/>\n<b>ADM analysis of gravity models within the framework of bimetric variational formalism, <\/b><br \/>\nJ. Cosmol. Astropart. Phys. 05 (2015) 021<\/p>\n<p><i>M. Herranen, T. Markkanen, S. Nurmi, and A. Rajantie, <\/i><br \/>\n<b>Spacetime curvature and Higgs stability after inflation, <\/b><br \/>\nPhys. Rev. Lett. 115 (2015) 241301<\/p>\n<p><i>M. Hindmarsh, S. J. Huber, K. Rummukainen, and D. J. Weir, <\/i><br \/>\n<b>Numerical simulations of acoustically generated gravitational waves at a first order phase transition, <\/b><br \/>\nPhys. Rev. D 92 (2015) 123009<\/p>\n<p><i>K. Horiguchi, K. Ichiki, T. Sekiguchi, and N. Sugiyama, <\/i><br \/>\n<b>Primordial magnetic fields from self-ordering scalar fields, <\/b><br \/>\nJ. Cosmol. Astropart. Phys. 04 (2015) 007<\/p>\n<p><i>S. Hotchkiss, S. Nadathur, S. Gottl\u00f6ber, I. T. Iliev, A. Knebe, W. A. Watson, and G. Yepes, <\/i><br \/>\n<b>The Jubilee ISW Project &#8211; II. Observed and simulated imprints of voids and superclusters on the cosmic microwave background, <\/b><br \/>\nMon. Not. R. Astron. Soc. 446 (2015) 1321<\/p>\n<p><i>K. Kainulainen, K. Tuominen, and J. Virkaj\u00e4rvi, <\/i><br \/>\n<b>A model for dark matter, naturalness and a complete gauge unification, <\/b><br \/>\nJ. Cosmol. Astropart. Phys. 07 (2015) 034<\/p>\n<p><i>M. Kawasaki, K. Saikawa, and T. Sekiguchi, <\/i><br \/>\n<b>Axion dark matter from topological defects, <\/b><br \/>\nPhys. Rev. D 91 (2015) 065014<\/p>\n<p><i>K. Kettula et al., <\/i><br \/>\n<b>CFHTLenS: weak lensing calibrated scaling relations for low-mass clusters of galaxies, <\/b><br \/>\nMon. Not. R. Astron. Soc. 451 (2015) 1460<\/p>\n<p><i>M. Lavinto and S. R\u00e4s\u00e4nen, <\/i><br \/>\n<b>CMB seen through random Swiss Cheese, <\/b><br \/>\nJ. Cosmol. Astropart. Phys. 10 (2015) 057<\/p>\n<p><i>T. Markkanen, <\/i><br \/>\n<b>Curvature induced running of the cosmological constant, <\/b><br \/>\nPhys. Rev. D 91 (2015) 124011<\/p>\n<p><i>T. Markkanen, S. R\u00e4s\u00e4nen, and P. Wahlman, <\/i><br \/>\n<b>Inflation without quantum gravity, <\/b><br \/>\nPhys. Rev. D 91 (2015) 084064<\/p>\n<p><i>K. Kettula in M. Mirkazemi et al., <\/i><br \/>\n<b>Brightest X-ray clusters of galaxies in the CFHTLS wide field: catalog and optical mass estimator, <\/b><br \/>\nAstrophys. J. 799 (2015) 60<\/p>\n<p><i>H. F. S. Mota and M. Hindmarsh, <\/i><br \/>\n<b>Big-bang nucleosynthesis and gamma-ray constraints on cosmic strings with a large Higgs condensate, <\/b><br \/>\nPhys. Rev. D 91 (2015) 043001<\/p>\n<p><i>S. Nadathur and S. Hotchkiss, <\/i><br \/>\n<b>The nature of voids &#8211; II. Tracing underdensities with biased galaxies, <\/b><br \/>\nMon. Not. R. Astron. Soc. 454 (2015) 889<\/p>\n<p><i>S. Nadathur and S. Hotchkiss, <\/i><br \/>\n<b>The nature of voids &#8211; I. Watershed void finders and their connection with theoretical models, <\/b><br \/>\nMon. Not. R. Astron. Soc. 454 (2015) 2228<\/p>\n<p><i>S. Nadathur, S. Hotchkiss, J. M. Diego, I. T. Iliev, S. Gottl\u00f6ber, W. A. Watson, and G. Yepes, <\/i><br \/>\n<b>Self-similarity and universality of void density profiles in simulation and SDSS data, <\/b><br \/>\nMon. Not. R. Astron. Soc. 449 (2015) 3997<\/p>\n<p><i>S. Nurmi, T. Tenkanen, and K. Tuominen, <\/i><br \/>\n<b>Inflationary imprints on dark matter, <\/b><br \/>\nJ. Cosmol. Astropart. Phys. 11 (2015) 001<\/p>\n<p><i>A. Ota, T. Sekiguchi, Y. Tada, and S. Yokoyama, <\/i><br \/>\n<b>Anisotropic CMB distortions from non-Gaussian isocurvature perturbations, <\/b><br \/>\nJ. Cosmol. Astropart. Phys. 03 (2015) 013<\/p>\n<p><i>D. Regan and M. Hindmarsh, <\/i><br \/>\n<b>The bispectrum of matter perturbations from cosmic strings, <\/b><br \/>\nJ. Cosmol. Astropart. Phys. 03 (2015) 008<\/p>\n<p><i>D. Regan and M. Hindmarsh, <\/i><br \/>\n<b>The bispectrum of cosmic string temperature fluctuations including recombination effects, <\/b><br \/>\nJ. Cosmol. Astropart. Phys. 10 (2015) 030<\/p>\n<p><i>S. R\u00e4s\u00e4nen, K. Bolejko, and A. Finoguenov, <\/i><br \/>\n<b>New test of the Friedmann-Lema\u00eetre-Robertson-Walker metric using the distance sum rule, <\/b><br \/>\nPhys. Rev. Lett. 115 (2015) 101301<\/p>\n<p><i>J. V\u00e4liviita and E. Palmgren, <\/i><br \/>\n<b>Distinguishing interacting dark energy from <i>w<\/i>CDM with CMB, lensing, and baryon acoustic oscillation data, <\/b><br \/>\nJ. Cosmol. Astropart. Phys. 07 (2015) 015<\/p>\n<p>&nbsp;<\/p>\n<h3>2015 conferences and visits out<\/h3>\n<p><em>Nordic Winter School on Cosmology and Particle Physics<\/em><br \/>\nJanuary 2-7, Svingvoll, Norway<br \/>\n(talk by T. Tenkanen, talk by V. Vaskonen)<\/p>\n<p><em>Beyond LCDM Conference<\/em><br \/>\nJanuary 7-11, Oslo, Norway<br \/>\n(talk by M. Lavinto, Syksy R\u00e4s\u00e4nen)<\/p>\n<p><em>Extended theories of gravity<\/em><br \/>\n4-13 March, Nordita, Stockholm, Sweden,<br \/>\n(T. Koivisto, talk by H. J. Nyrhinen)<\/p>\n<p><em>Annual Meeting of the Finnish Physical Society<\/em><br \/>\nMarch 17-19, Helsinki, Finland<br \/>\n(talk by T. Tenkanen)<\/p>\n<p><em>Kosmologietag Workshop<\/em><br \/>\nMay 6-8, Bielefeld, Germany<br \/>\n(talk by T. Tenkanen)<\/p>\n<p><em>Origin of Mass<\/em><br \/>\nMay 11-22, Odense, Denmar<br \/>\n(talk by K. Kainulainen)<\/p>\n<p><em>Neutrinos and Dark Matter in Nuclear Physics<\/em><br \/>\nJune 1-5, Jyv\u00e4skyl\u00e4, Finland<br \/>\n(talk by K. Kainulainen)<\/p>\n<p><em>Spacetime Odyssey Continues<\/em><br \/>\nJune 1-5, Nordita, Copenhagen, Denmark<br \/>\n(talk by K. Kainulainen)<\/p>\n<p><em>One Hundred Years of Strong Gravity,<\/em><br \/>\nJune 8-16, Instituto superior tecnico, Lisbon, Portugal,<br \/>\n(talk by H. J. Nyrhinen)<\/p>\n<p><em>Research visit to University of Jyv\u00e4skyl\u00e4<\/em><br \/>\nJune 17-18, Jyv\u00e4skyl\u00e4, Helsinki<br \/>\n(T. Tenkanen)<\/p>\n<p><em>Research visit to University of Jyv\u00e4skyl\u00e4<\/em><br \/>\nAugust 10-12, Jyv\u00e4skyl\u00e4, Helsinki<br \/>\n(T. Tenkanen)<\/p>\n<p><em>Current Themes in High Energy Physics and Cosmology<\/em><br \/>\nAugust 17-21, Niels Bohr Institute, Denmark<br \/>\n(K. Kainulainen)<\/p>\n<p><em>Calliolab DM &amp; HIP meeting<\/em><br \/>\nSeptember 2, University of Helsinki, Finland<br \/>\n(talk by J. Virkaj\u00e4rvi)<\/p>\n<p><em>COSMO&#8217;15 conference<\/em><br \/>\nSeptember 7-11, Warsaw, Poland<br \/>\n(talk by V.-M. Enckell, talk by S. Nurmi, talk by E. Palmgren, talk by T. Tenkanen)<\/p>\n<p><em>Particle Physics and Cosmology Meeting Workshop<\/em><br \/>\nSeptember 17-18, Tampere, Finland<br \/>\n(talk by V.-M. Enckell, H. Jukkala, K. Kainulainen, L. Laulumaa, talk by M.Lavinto, J. Leskinen, S. Nurmi, talk by H. Nyrhinen, S. R\u00e4s\u00e4nen, talk by T. Tenkanen, J. Virkaj\u00e4rvi, talk by V. Vaskonen)<\/p>\n<p><em>DESY Theory Workshop 2015: Physics at the LHC and beyond<\/em><br \/>\nSeptember 29-October 2, Hamburg, Germany<br \/>\n(talk by T. Tenkanen, talk by V. Vaskonen)<\/p>\n<p><em>Research visit to University of Nottingham<\/em><br \/>\nOctober 12-14, Nottingham, UK<br \/>\n(talk by H. J. Nyrhinen)<\/p>\n<p><em>University of Stavanger<\/em><br \/>\n15 October &#8211; 10 November, Stavanger, Norway<br \/>\n(talk by T. Tenkanen)<\/p>\n<p><em>Research visit to Imperial College London,<\/em><br \/>\nNovember 2-3, London, UK<br \/>\n(talk by T. Tenkanen)<\/p>\n<p><em>Research visit to Queen Mary University of London<\/em><br \/>\nNovember 4-5, London, UK<br \/>\n(talk by T. Tenkanen)<\/p>\n<p><em>Research visit to King&#8217;s College London<\/em><br \/>\nNovember 6, London, UK<br \/>\n(talk by T. Tenkanen)<\/p>\n<p><em>Research visit to University of Sussex<\/em><br \/>\nNovember 9-10, Brighton, UK<br \/>\n(talk by T. Tenkanen)<\/p>\n<p><em>Research visit to ICG Portsmouth<\/em><br \/>\nNovember 11, Portsmouth, UK<br \/>\n(talk by T. Tenkanen)<\/p>\n<p><em>Research visit to Nordita<\/em><br \/>\nNovember 16-17, Stockholm, Sweden<br \/>\n(talk by T. Tenkanen)<\/p>\n<p><em>Research visit to CP3 Origins<\/em><br \/>\nNovember 18-20, Odense, Denmark<br \/>\n(T. Tenkanen)<\/p>\n<p><em>Research visit to Nordita,<\/em><br \/>\nNovember 18 &#8211; December 9,<br \/>\nStockholm, Sweden<br \/>\n(H. J. Nyrhinen)<\/p>\n<p><em>Research visit to University of M\u00fcnster<\/em><br \/>\nNovember 19, M\u00fcnster, Germany<br \/>\n(talk by T. Tenkanen)<\/p>\n<p><em>Research visit to University of Bielefeld<\/em><br \/>\nNovember 20, Bielefeld, Germany<br \/>\n(talk by T. Tenkanen)<\/p>\n<p><em>Research visit to University of Heidelberg<\/em><br \/>\nNovember 21-23, Heidelberg, Germany<br \/>\n(talk by T. Tenkanen)<\/p>\n<p><em>Workshop Particle Physics Day 2015<\/em><br \/>\nNovember 30, Helsinki, Finland<br \/>\n(talk by T. Tenkanen)<\/p>\n<p><em>Research visit to University of California, Los Angeles<\/em><br \/>\nNovember 30 &#8211; December 4, Los Angeles, USA<br \/>\n(talk by T. Tenkanen)<\/p>\n<p><em>TRR33 Winter School on Cosmology<\/em><br \/>\nDecember 6-11, Passo Tonale, Italy<br \/>\n(J. Leskinen)<\/p>\n<p><em>Research visit to Stanford University<\/em><br \/>\nDecember 7-11, Palo Alto, USA<br \/>\n(talk by T. Tenkanen)<\/p>\n<p><em>Research visit to CP3 Origins<\/em><br \/>\nDecember 8-9, Odense, Denmark<br \/>\n(talk by S. R\u00e4s\u00e4nen)<\/p>\n<p><em>Research visit to Nordita<\/em><br \/>\nDecember 10-14, Copenhagen, Denmark<br \/>\n(talk by S. R\u00e4s\u00e4nen)<\/p>\n<p><em>28th Texas Symposium on Relativistic Astrophysics<\/em><br \/>\nDecember 13-18, Geneva, CH<br \/>\n(talk by F. Montanari)<\/p>\n<p><em>Research visit to Dark Cosmology Centre<\/em><br \/>\nDecember 14, Copenhagen, Denmark<br \/>\n(by S. R\u00e4s\u00e4nen)<\/p>\n<p><em>Dark Matter &#8211; Cairo Workshop<\/em><br \/>\nDecember 14-17, Cairo, Egypt<br \/>\n(talk by V. Vaskonen)<\/p>\n<p><em>Research visit to University of California, Berkeley<\/em><br \/>\nDecember 14-18, Berkeley, USA<br \/>\n(T. Tenkanen)<\/p>\n","protected":false},"excerpt":{"rendered":"<p>2015 report &nbsp; 2015 publications S. R\u00e4s\u00e4nen in T. Buchert et al., Is there proof that backreaction of inhomogeneities is irrelevant in cosmology?, Class. Quantum Grav. 32 (2015) 215021 K. Enqvist, D. J. Mulryne, and S. Nurmi, Resolving primordial physics through correlated signatures, J. Cosmol. Astropart. Phys. 05 (2015) 010 K. Enqvist, S. Nadathur, T. [&hellip;]<\/p>\n","protected":false},"author":1,"featured_media":0,"parent":26,"menu_order":0,"comment_status":"closed","ping_status":"closed","template":"","meta":{"footnotes":""},"class_list":["post-197","page","type-page","status-publish","hentry","post"],"_links":{"self":[{"href":"https:\/\/www.hip.fi\/cosmology-of-the-early-and-late-universe\/wp-json\/wp\/v2\/pages\/197","targetHints":{"allow":["GET"]}}],"collection":[{"href":"https:\/\/www.hip.fi\/cosmology-of-the-early-and-late-universe\/wp-json\/wp\/v2\/pages"}],"about":[{"href":"https:\/\/www.hip.fi\/cosmology-of-the-early-and-late-universe\/wp-json\/wp\/v2\/types\/page"}],"author":[{"embeddable":true,"href":"https:\/\/www.hip.fi\/cosmology-of-the-early-and-late-universe\/wp-json\/wp\/v2\/users\/1"}],"replies":[{"embeddable":true,"href":"https:\/\/www.hip.fi\/cosmology-of-the-early-and-late-universe\/wp-json\/wp\/v2\/comments?post=197"}],"version-history":[{"count":0,"href":"https:\/\/www.hip.fi\/cosmology-of-the-early-and-late-universe\/wp-json\/wp\/v2\/pages\/197\/revisions"}],"up":[{"embeddable":true,"href":"https:\/\/www.hip.fi\/cosmology-of-the-early-and-late-universe\/wp-json\/wp\/v2\/pages\/26"}],"wp:attachment":[{"href":"https:\/\/www.hip.fi\/cosmology-of-the-early-and-late-universe\/wp-json\/wp\/v2\/media?parent=197"}],"curies":[{"name":"wp","href":"https:\/\/api.w.org\/{rel}","templated":true}]}}