{"id":7,"date":"2014-03-07T07:50:51","date_gmt":"2014-03-07T07:50:51","guid":{"rendered":"http:\/\/research.hip.fi\/hwp\/cosmology\/?page_id=7"},"modified":"2023-02-14T12:47:39","modified_gmt":"2023-02-14T12:47:39","slug":"introduction","status":"publish","type":"page","link":"https:\/\/www.hip.fi\/cosmology-of-the-early-and-late-universe\/","title":{"rendered":"Introduction"},"content":{"rendered":"<h1>Cosmology of the Early and Late Universe (2014-2019)<\/h1>\n<div id=\"attachment_67\" style=\"width: 310px\" class=\"wp-caption alignright\"><a href=\"https:\/\/www.hip.fi\/cosmology-of-the-early-and-late-universe\/wp-content\/uploads\/sites\/6\/2014\/03\/fmapB4deg.gif\"><img loading=\"lazy\" decoding=\"async\" aria-describedby=\"caption-attachment-67\" class=\"size-medium wp-image-67\" src=\"https:\/\/www.hip.fi\/cosmology-of-the-early-and-late-universe\/wp-content\/uploads\/sites\/6\/2014\/03\/fmapB4deg-300x150.gif\" alt=\"A filtered ISW-map of the CMB\" width=\"300\" height=\"150\" srcset=\"https:\/\/www.hip.fi\/cosmology-of-the-early-and-late-universe\/wp-content\/uploads\/sites\/6\/2014\/03\/fmapB4deg-300x150.gif 300w, https:\/\/www.hip.fi\/cosmology-of-the-early-and-late-universe\/wp-content\/uploads\/sites\/6\/2014\/03\/fmapB4deg-768x384.gif 768w\" sizes=\"auto, (max-width: 300px) 100vw, 300px\" \/><\/a><p id=\"caption-attachment-67\" class=\"wp-caption-text\">A filtered ISW map of the CMB. Credit: <a href=\"http:\/\/arxiv.org\/abs\/1212.0776\">Samuel Flender<\/a><\/p><\/div>\n<p>[This project ran from the beginning of 2014 until the end of 2019.]<\/p>\n<p>The project involves cosmologists and astrophysicists from the <a href=\"http:\/\/hep.physics.helsinki.fi\/\">University of Helsinki<\/a> and the <a href=\"https:\/\/www.jyu.fi\/fysiikka\/en\/research\/highenergy\/particle\">University of Jyv\u00e4skyl\u00e4<\/a>. The project leader is <a href=\"http:\/\/www.helsinki.fi\/~syrasane\/\">Syksy R\u00e4s\u00e4nen<\/a>. For detailed information on the people associated with this project, see the section <a title=\"People\" href=\"https:\/\/www.hip.fi\/cosmology-of-the-early-and-late-universe\/people\/\">People<\/a>.<\/p>\n<p>The research focuses on late universe inhomogeneities, inflationary perturbations, LHC cosmology and observational tests of homogeneity, isotropy and spatial flatness.\u00a0For a more in-depth description, see section <a title=\"Research details\" href=\"https:\/\/www.hip.fi\/cosmology-of-the-early-and-late-universe\/research-details\/\">Research details<\/a>.<\/p>\n<p>The <a class=\"external-link\" href=\"https:\/\/www.hip.fi\/research\/theory-programme\/\" rel=\"nofollow\">Theory Program<\/a>\u00a0details more topics of research in theoretical physics at the\u00a0<a class=\"external-link\" href=\"http:\/\/www.hip.fi\/\" rel=\"nofollow\">Helsinki Institute of Physics (HIP)<\/a>.<\/p>\n<p><a href=\"https:\/\/www.hip.fi\/cosmology-of-the-early-and-late-universe\/location\/\">How to get here<\/a><\/p>\n","protected":false},"excerpt":{"rendered":"<p>Cosmology of the Early and Late Universe (2014-2019) [This project ran from the beginning of 2014 until the end of 2019.] The project involves cosmologists and astrophysicists from the University of Helsinki and the University of Jyv\u00e4skyl\u00e4. The project leader is Syksy R\u00e4s\u00e4nen. For detailed information on the people associated with this project, see the [&hellip;]<\/p>\n","protected":false},"author":1,"featured_media":0,"parent":0,"menu_order":0,"comment_status":"closed","ping_status":"closed","template":"","meta":{"footnotes":""},"class_list":["post-7","page","type-page","status-publish","hentry","post"],"_links":{"self":[{"href":"https:\/\/www.hip.fi\/cosmology-of-the-early-and-late-universe\/wp-json\/wp\/v2\/pages\/7","targetHints":{"allow":["GET"]}}],"collection":[{"href":"https:\/\/www.hip.fi\/cosmology-of-the-early-and-late-universe\/wp-json\/wp\/v2\/pages"}],"about":[{"href":"https:\/\/www.hip.fi\/cosmology-of-the-early-and-late-universe\/wp-json\/wp\/v2\/types\/page"}],"author":[{"embeddable":true,"href":"https:\/\/www.hip.fi\/cosmology-of-the-early-and-late-universe\/wp-json\/wp\/v2\/users\/1"}],"replies":[{"embeddable":true,"href":"https:\/\/www.hip.fi\/cosmology-of-the-early-and-late-universe\/wp-json\/wp\/v2\/comments?post=7"}],"version-history":[{"count":1,"href":"https:\/\/www.hip.fi\/cosmology-of-the-early-and-late-universe\/wp-json\/wp\/v2\/pages\/7\/revisions"}],"predecessor-version":[{"id":1582,"href":"https:\/\/www.hip.fi\/cosmology-of-the-early-and-late-universe\/wp-json\/wp\/v2\/pages\/7\/revisions\/1582"}],"wp:attachment":[{"href":"https:\/\/www.hip.fi\/cosmology-of-the-early-and-late-universe\/wp-json\/wp\/v2\/media?parent=7"}],"curies":[{"name":"wp","href":"https:\/\/api.w.org\/{rel}","templated":true}]}}