{"id":833,"date":"2017-05-17T16:17:37","date_gmt":"2017-05-17T14:17:37","guid":{"rendered":"http:\/\/research.hip.fi\/hwp\/cosmology\/?page_id=833"},"modified":"2017-05-17T16:17:37","modified_gmt":"2017-05-17T14:17:37","slug":"2016-report","status":"publish","type":"page","link":"https:\/\/www.hip.fi\/cosmology-of-the-early-and-late-universe\/publications\/2016-report\/","title":{"rendered":"2016 report"},"content":{"rendered":"<h1>2016 report<\/h1>\n<h3>2016 publications<\/h3>\n<p><em>T. Alanne, K. Kainulainen, K. Tuominen, and V. Vaskonen<\/em>,<br \/>\n<strong>Baryogenesis in the two doublet and inert singlet extension of the Standard Model<\/strong>,<br \/>\nJ. Cosmol. Astropart. Phys. 08 (2016) 057<\/p>\n<p><em>F. Montanari in W. Cardona et al.<\/em>,<br \/>\n<strong>Lensing convergence and the neutrino mass scale in galaxy redshift surveys<\/strong>,<br \/>\nPhys. Rev. D 94 (2016) 043007<\/p>\n<p><em>F. Montanari in E. Di Dio et al.<\/em>,<br \/>\n<strong>The bispectrum of relativistic galaxy number counts<\/strong>,<br \/>\nJ. Cosmol. Astropart. Phys. 01 (2016) 016<\/p>\n<p><em>F. Montanari in E. Di Dio et al.<\/em>,<br \/>\n<strong> Curvature constraints from large scale structure<\/strong>,<br \/>\nJ. Cosmol. Astropart. Phys. 06 (2016) 013<\/p>\n<p><em>V.-M. Enckell, K. Enqvist, and S. Nurmi<\/em>,<br \/>\n<strong> Observational signatures of Higgs inflation<\/strong>,<br \/>\nJ. Cosmol. Astropart. Phys. 07 (2016) 047<\/p>\n<p><em>K. Enqvist, M. Kar\u010diauskas, O. Lebedev, S. Rusak, and M. Zatta<\/em>,<br \/>\n<strong> Postinflationary vacuum instability and Higgs-inflaton couplings<\/strong>,<br \/>\nJ. Cosmol. Astropart. Phys. 11 (2016) 025<\/p>\n<p><em>K. Enqvist, S. Nurmi, S. Rusak, and D. J. Weir<\/em>,<br \/>\n<strong> Lattice calculation of the decay of primordial Higgs condensate<\/strong>,<br \/>\nJ. Cosmol. Astropart. Phys. 02 (2016) 057<\/p>\n<p><em>K. Enqvist, T. Sekiguchi, and T. Takahashi<\/em>,<br \/>\n<strong> Mixed inflaton and spectator field models: CMB constraints and \u03bc distortion<\/strong>,<br \/>\nJ. Cosmol. Astropart. Phys. 04 (2016) 057<\/p>\n<p><em>M. Heikinheimo, T. Tenkanen, K. Tuominen, and V. Vaskonen<\/em>,<br \/>\n<strong> Observational constraints on decoupled hidden sectors<\/strong>,<br \/>\nPhys. Rev. D 94 (2016) 063506<\/p>\n<p><em>K. Kainulainen, S. Nurmi, T. Tenkanen, K. Tuominen, and V. Vaskonen<\/em>,<br \/>\n<strong> Isocurvature constraints on portal couplings<\/strong>,<br \/>\nJ. Cosmol. Astropart. Phys. 06 (2016) 022<\/p>\n<p><em>K. Kainulainen, K. Tuominen, and V. Vaskonen<\/em>,<br \/>\n<strong>Self-interacting dark matter and cosmology of a light scalar mediator<\/strong>,<br \/>\nPhys. Rev. D 93 (2016) 015016<\/p>\n<p><em>T. Sekiguchi in K. Osato et al.<\/em>,<br \/>\n<strong> Cosmological constraint on the light gravitino mass from CMB lensing and cosmic shear<\/strong>,<br \/>\nJ. Cosmol. Astropart. Phys. 06 (2016) 004<\/p>\n<p><em>F. Montanari in J. Renk et al.<\/em>,<br \/>\n<strong> Gravity at the horizon: on relativistic effects, CMB-LSS correlations and ultra-large scales in Horndeski\u2019s theory<\/strong>,<br \/>\nJ. Cosmol. Astropart. Phys. 07 (2016) 040<\/p>\n<p><em>S. R\u00e4s\u00e4nen, J. V\u00e4liviita, and V. Kosonen<\/em>,<br \/>\n<strong> Testing distance duality with CMB anisotropies<\/strong>,<br \/>\nJ. Cosmol. Astropart. Phys. 04 (2016) 050<\/p>\n<p><em>T. Tenkanen<\/em>,<br \/>\n<strong> Feebly interacting dark matter particle as the inflaton<\/strong>,<br \/>\nJ. High Energy Phys. 09 (2016) 049<\/p>\n<p><em>T. Tenkanen, K. Tuominen, and V. Vaskonen<\/em>,<br \/>\n<strong> A strong electroweak phase transition from the inflaton field<\/strong>,<br \/>\nJ. Cosmol. Astropart. Phys. 09 (2016) 037<\/p>\n<p><em>T. Tenkanen and V. Vaskonen<\/em>,<br \/>\n<strong> Reheating the Standard Model from a hidden sector<\/strong>,<br \/>\nPhys. Rev. D 94 (2016) 083516<\/p>\n<h3>2016 conferences and visits out<\/h3>\n<p><strong>Sp\u00e5tind 2016 \u2013 Nordic Conference on Particle Physics<\/strong>,<br \/>\n2\u20137 January, Gausdal, Norway (talk by V.-M. Enckell, talk by V. Vaskonen)<\/p>\n<p><strong>University of Geneva<\/strong>,<br \/>\nFebruary \u2013 June, Geneva, Switzerland (talk by&nbsp; V.-M. Enckell)<\/p>\n<p><strong>Workshop on Relativistic Effects in Galaxy Surveys<\/strong>,<br \/>\n29 February, Cape Town, South Africa (talk by&nbsp; F. Montanari)<\/p>\n<p><strong>University of the Western Cape<\/strong>,<br \/>\n29 February \u2013 4 March, Cape Town, South Africa&nbsp; (talk by F. Montanari)<\/p>\n<p><strong>Annual Meeting of the Finnish Physical Society<\/strong>,<br \/>\n29\u201331 March, Oulu, Finland (talk by T. Tenkanen)<\/p>\n<p><strong>NICPB<\/strong>,<br \/>\n4\u20135 April, Tallinn, Estonia (talk by T. Tenkanen)<\/p>\n<p><strong>Departmental Colloquium<\/strong>,<br \/>\n8 April, Jyv\u00e4skyl\u00e4, Finland (talk by K. Kainulainen)<\/p>\n<p><strong>University of Jyv\u00e4skyl\u00e4<\/strong>,<br \/>\n12\u201315 April, Jyv\u00e4skyl\u00e4, Finland (talk by T. Tenkanen)<\/p>\n<p><strong>11th Kosmologietag<\/strong>,<br \/>\n28\u201329 April, Bielefeld, Germany (talk by T. Tenkanen)<\/p>\n<p><strong>NORDITA<\/strong>,<br \/>\n1\u20135 May, Stockholm, Sweden (talk by F. Montanari)<\/p>\n<p><strong>University of Jyv\u00e4skyl\u00e4<\/strong>,<br \/>\n12\u201313 May, Jyv\u00e4skyl\u00e4, Finland (talk by M. Hindmarsh)<\/p>\n<p><strong>Workshop Why is there more Matter than Antimatter in&nbsp; the Universe?<\/strong>,<br \/>\n30 May \u2013 10 June, MIAPP, Munich, Germany&nbsp; (talk by K. Kainulainen)<\/p>\n<p><strong>Workshop on Non-Standard Dark Matter<\/strong>,<br \/>\n2\u20135 June, Warsaw, Poland (talk by T. Tenkanen, talk by&nbsp; V. Vaskonen)<\/p>\n<p><strong>EPFL High Energy Theory Group Seminar<\/strong>,<br \/>\n6 June, Lausanne, Switzerland (talk by V.-M. Enckell)<\/p>\n<p><strong>Bethe Forum on Dark Matter Beyond Supersymmetry<\/strong>,<br \/>\n13\u201314 June, Bonn, Germany (T. Tenkanen)<\/p>\n<p><strong>Max-Planck-Institut f\u00fcr Physik<\/strong>,<br \/>\n15\u201317 June, Munich, Germany (talk by T. Tenkanen)<\/p>\n<p><strong>Workshop Strong and Electroweak Matter 2016<\/strong>,<br \/>\n11\u201315 July, University of Stavanger, Stavanger, Norway (plenary talk by S. Nurmi)<\/p>\n<p><strong>ICHEP 2016 Conference<\/strong>,<br \/>\n3\u20137 August, Chicago, IL, USA (T. Tenkanen)<\/p>\n<p><strong>COSMO-16 Conference<\/strong>,<br \/>\n8\u201312 August, Ann Arbor, MI, USA (talk by&nbsp; T. Tenkanen)<\/p>\n<p><strong>The Big Bang and the Little Bangs \u2013 Non-Equilibrium Phenomena in Cosmology and in Heavy-Ion Collisions<\/strong>,<br \/>\n15\u201325 August, CERN, Geneva, Switzerland&nbsp;&nbsp; (talk by K. Kainulainen)<\/p>\n<p><strong>UCI<\/strong>,<br \/>\n22\u201324 August, Irvine, CA, USA (talk by T. Tenkanen)<\/p>\n<p><strong>The Big Bang and the Little Bangs \u2013 Non-Equilibrium Phenomena in Cosmology and in Heavy-Ion Collisions<\/strong>,<br \/>\n22\u201325 August, CERN, Geneva, Switzerland (S. Nurmi)<\/p>\n<p><strong>Helsinki PAPU Meeting<\/strong>,<br \/>\n23 August, Helsinki, Finland (talk by F. Montanari)<\/p>\n<p><strong>UCLA<\/strong>,<br \/>\n25\u201329 August, Los Angeles, CA, USA (T. Tenkanen)<\/p>\n<p><strong>Particle Physics and Cosmology Meeting<\/strong>,<br \/>\n29\u201330 September, Tampere, Finland (K. Kainulainen,&nbsp; talk by O. Koskivaara, talk by L. Laulumaa, talk by&nbsp; J. Leskinen, S. Nurmi)<\/p>\n<p><strong>The Galaxy Life-Cycle Conference<\/strong>,<br \/>\n24\u201328 October, Venice, Italy (G. Gozaliasl)<\/p>\n<p><strong>Gravitational Wave Symposium<\/strong>,<br \/>\n26 October, London, UK (T. Tenkanen)<\/p>\n<p><strong>London Cosmology Discussion Meeting<\/strong>,<br \/>\n27 October, London, UK (talk by T. Tenkanen)<\/p>\n<p><strong>Kobe University<\/strong>,<br \/>\n1 November 2016 \u2013 7 January 2017, Kobe, Japan<br \/>\n(talk by S. R\u00e4s\u00e4nen)<\/p>\n<p><strong>Dutch Cosmology Meeting<\/strong>,<br \/>\n3\u20135 November, Utrecht, The Netherlands&nbsp; (talk by K. Kainulainen)<\/p>\n<p><strong>Tuorla Observatory Seminar<\/strong>,<br \/>\n22 November, Turku, Finland (talk by G. Gozaliasl)<\/p>\n<p><strong>CosPA 2016 Conference<\/strong>,<br \/>\n28 November \u2013 2 December, Sydney, Australia&nbsp; (talk by T. Tenkanen)<\/p>\n<p><strong>NORDITA<\/strong>,<br \/>\n30 November \u2013 2 December, Stockholm, Sweden&nbsp; (K. Kainulainen)<\/p>\n<p><strong>Yukawa Institute Cosmology Seminar<\/strong>,<br \/>\n5 December, Kyoto, Japan (talk by S. R\u00e4s\u00e4nen)<\/p>\n<p><strong>Hidden Sector Physics and Cosmophysics<\/strong>,<br \/>\n12\u201315 December, Kyoto, Japan (S. R\u00e4s\u00e4nen)<\/p>\n<p><strong>Helsinki Higgs Forum<\/strong>,<br \/>\n14\u201316 December, Helsinki, Finland (talk by&nbsp; K. Kainulainen, talk by S. Rusak, T. Tenkanen)<\/p>\n","protected":false},"excerpt":{"rendered":"<p>2016 report 2016 publications T. Alanne, K. Kainulainen, K. Tuominen, and V. Vaskonen, Baryogenesis in the two doublet and inert singlet extension of the Standard Model, J. Cosmol. Astropart. Phys. 08 (2016) 057 F. Montanari in W. Cardona et al., Lensing convergence and the neutrino mass scale in galaxy redshift surveys, Phys. Rev. D 94 [&hellip;]<\/p>\n","protected":false},"author":1,"featured_media":0,"parent":26,"menu_order":0,"comment_status":"closed","ping_status":"closed","template":"","meta":{"footnotes":""},"class_list":["post-833","page","type-page","status-publish","hentry","post"],"_links":{"self":[{"href":"https:\/\/www.hip.fi\/cosmology-of-the-early-and-late-universe\/wp-json\/wp\/v2\/pages\/833","targetHints":{"allow":["GET"]}}],"collection":[{"href":"https:\/\/www.hip.fi\/cosmology-of-the-early-and-late-universe\/wp-json\/wp\/v2\/pages"}],"about":[{"href":"https:\/\/www.hip.fi\/cosmology-of-the-early-and-late-universe\/wp-json\/wp\/v2\/types\/page"}],"author":[{"embeddable":true,"href":"https:\/\/www.hip.fi\/cosmology-of-the-early-and-late-universe\/wp-json\/wp\/v2\/users\/1"}],"replies":[{"embeddable":true,"href":"https:\/\/www.hip.fi\/cosmology-of-the-early-and-late-universe\/wp-json\/wp\/v2\/comments?post=833"}],"version-history":[{"count":0,"href":"https:\/\/www.hip.fi\/cosmology-of-the-early-and-late-universe\/wp-json\/wp\/v2\/pages\/833\/revisions"}],"up":[{"embeddable":true,"href":"https:\/\/www.hip.fi\/cosmology-of-the-early-and-late-universe\/wp-json\/wp\/v2\/pages\/26"}],"wp:attachment":[{"href":"https:\/\/www.hip.fi\/cosmology-of-the-early-and-late-universe\/wp-json\/wp\/v2\/media?parent=833"}],"curies":[{"name":"wp","href":"https:\/\/api.w.org\/{rel}","templated":true}]}}