{"id":567,"date":"2021-03-22T20:04:28","date_gmt":"2021-03-22T20:04:28","guid":{"rendered":"https:\/\/www.hip.fi\/detector-laboratory\/?page_id=567"},"modified":"2023-05-26T10:33:54","modified_gmt":"2023-05-26T10:33:54","slug":"teaching-2","status":"publish","type":"page","link":"https:\/\/www.hip.fi\/detector-laboratory\/teaching-2\/","title":{"rendered":"Teaching"},"content":{"rendered":"\n<p class=\"has-medium-font-size\">Guaranteeing the future expertise in the instrumentation via research-based education<strong> <\/strong>is important in the Laboratory. The Laboratory hosts a Laboratory Course of Instrumentation for the Masters Programme for Particle Physics and Astrophysical Sciences (<a href=\"https:\/\/www2.helsinki.fi\/en\/admissions\/degree-programmes\/particle-physics-and-astrophysical-sciences-masters-programme\" data-type=\"URL\" data-id=\"https:\/\/www2.helsinki.fi\/en\/admissions\/degree-programmes\/particle-physics-and-astrophysical-sciences-masters-programme\">PARAS<\/a>). The laboratory personnel also supervise doctoral, master and bachelor students in their thesis works. Here, the Laboratory works closely with the Doctoral Programme in Particle Physics and Universe Sciences (<a href=\"https:\/\/www.helsinki.fi\/en\/admissions-and-education\/apply-doctoral-programmes\/doctoral-schools-and-doctoral-programmes\/doctoral-school-natural-sciences\/doctoral-programme-particle-physics-and-universe-sciences\" data-type=\"URL\" data-id=\"https:\/\/www.helsinki.fi\/en\/admissions-and-education\/apply-doctoral-programmes\/doctoral-schools-and-doctoral-programmes\/doctoral-school-natural-sciences\/doctoral-programme-particle-physics-and-universe-sciences\">PAPU<\/a>).<\/p>\n\n\n\n<p><\/p>\n\n\n\n<p class=\"has-large-font-size\">Courses<\/p>\n\n\n\n<p><a href=\"https:\/\/studies.helsinki.fi\/opintotarjonta\/cu\/hy-CU-117687594-2021-08-01\" data-type=\"URL\">PAP328 <\/a> Laboratory course on instrumentation &#8211; autumn 2023<\/p>\n\n\n\n<p><a href=\"https:\/\/studies.helsinki.fi\/opintotarjonta\/cu\/hy-CU-117699793-2021-08-01\" data-type=\"URL\">PAP338 <\/a> Gaseous radiation detectors and scintillators &#8211; autumn 2023<\/p>\n\n\n\n<p><a href=\"https:\/\/weboodi.helsinki.fi\/hy\/opintjakstied.jsp?OpinKohd=117700121&amp;haettuOpas=-1\" data-type=\"URL\" data-id=\"https:\/\/weboodi.helsinki.fi\/hy\/opintjakstied.jsp?OpinKohd=117700121&amp;haettuOpas=-1\">PAP339 <\/a> Semiconductor radiation detectors &#8211; spring 2024<\/p>\n\n\n\n<p><a href=\"https:\/\/studies.helsinki.fi\/opintotarjonta\/cu\/hy-CU-117700385-2021-08-01\" data-type=\"URL\">PAP340 <\/a> Physics of semiconductor devices &#8211; spring 2023<\/p>\n\n\n\n<p><\/p>\n\n\n\n<p><\/p>\n\n\n\n<p class=\"has-large-font-size\">Theses hosted by the laboratory<\/p>\n\n\n\n<p class=\"has-medium-font-size\"><em>Doctoral theses<\/em><\/p>\n\n\n\n<ul class=\"wp-block-list\">\n<li>Shudhashil Bharthuar, <a href=\"https:\/\/helda.helsinki.fi\/handle\/10138\/357268\">Characterization of Inter-pixel Termination Strategy and Radiation Hardness Studies of Position-sensitive and Timing Detectors for Future CMS Experiment<\/a>, 2023, University of Helsinki<\/li>\n\n\n\n<li>Stefanie Kirschenmann, <a href=\"https:\/\/helda.helsinki.fi\/handle\/10138\/357048\">Quality Assesment of Detector Material and Prototype Detectors for Multispectral Medical Imaging, with the Focus on Cadmium Telluride and Infrared Microscopy<\/a>, 2023, University of Helsinki<\/li>\n\n\n\n<li>Akiko G\u00e4dda, <a title=\"\" href=\"https:\/\/aaltodoc.aalto.fi\/handle\/123456789\/110478\">Processing and interconnections of semiconductor sensors for photon and particle radiation detection<\/a>, 2021, Aalto University<\/li>\n\n\n\n<li>Jennifer Ott, <a href=\"https:\/\/aaltodoc.aalto.fi\/handle\/123456789\/102718\">Application of atomic layer deposited thin films to silicon detectors<\/a>, 2021, Aalto University<\/li>\n\n\n\n<li>Tatyana Arsenovich, <a href=\"https:\/\/helda.helsinki.fi\/handle\/10138\/320427\">Reliability and quality assurance methods for silicon detectors and their application to the development of detectors with alumina thin films<\/a>, 2020, University of Helsinki<\/li>\n\n\n\n<li>Aneliya Karadzhinova, <a href=\"https:\/\/helda.helsinki.fi\/handle\/10138\/167370\">Development of Quality Assurance Methods for Particle Detectors<\/a>, 2016, University of Helsinki<\/li>\n\n\n\n<li>Timo Peltola, <a href=\"https:\/\/helda.helsinki.fi\/handle\/10138\/159441\">Numerical simulations of semiconductor radiation detectors for high-energy physics and spectroscopy applications<\/a>, 2016, University of Helsinki<\/li>\n\n\n\n<li>Timo Hild\u00e9n, <a href=\"https:\/\/helda.helsinki.fi\/handle\/10138\/153341\">Quality Assurance of Gas Electron Multiplier Detector<\/a>, 2015, University of Helsinki.<\/li>\n\n\n\n<li>Matti Kalliokoski, <a href=\"https:\/\/helda.helsinki.fi\/handle\/10138\/32821\">GEM-TPC detectors for Super-FRS at FAIR<\/a>, 2012, University of Helsinki<\/li>\n\n\n\n<li>Teppo M\u00e4enp\u00e4\u00e4, <a href=\"https:\/\/helda.helsinki.fi\/handle\/10138\/26265\">Position-sensitive silicon strip detector characterization using particle beams<\/a>, 2011, University of Helsinki<\/li>\n<\/ul>\n\n\n\n<p class=\"has-medium-font-size\"><em>Master&#8217;s theses<\/em><\/p>\n\n\n\n<ul class=\"wp-block-list\">\n<li>Shirajum Monira, <a href=\"https:\/\/helda.helsinki.fi\/handle\/10138\/322426\">Charging-up Behaviour of MicroPattern Gaseous Detectors<\/a>, 2020, University of Helsinki<\/li>\n\n\n\n<li>Ilona Ninca, <a href=\"https:\/\/helda.helsinki.fi\/handle\/10138\/315916\">Characterization of Cadmium Telluride Based Pixelated Photon-Counting Detectors and Finetuning of the Electronic Readout System<\/a>, 2020, University of Helsinki<\/li>\n\n\n\n<li>Milla-Maarit Rantanen, <a href=\"https:\/\/helda.helsinki.fi\/handle\/10138\/315914\">Quality Assurance of Diamond Radiation Detectors<\/a>, 2020, University of Helsinki<\/li>\n\n\n\n<li>Jennifer Ott, <a href=\"https:\/\/helda.helsinki.fi\/handle\/10138\/230514\">Titanium nitride thin-film bias resistors for AC coupled segmented silicon detectors<\/a>, 2016, University of Helsinki<\/li>\n\n\n\n<li>Outi P\u00f6yry, <a href=\"https:\/\/helda.helsinki.fi\/handle\/10138\/155146\">CMS pixel module passivation by Atomic Layer Deposition (ALD) grown alumina<\/a>, 2015, University of Helsinki<\/li>\n<\/ul>\n","protected":false},"excerpt":{"rendered":"<p>Guaranteeing the future expertise in the instrumentation via research-based education is important in the Laboratory. The Laboratory hosts a Laboratory Course of Instrumentation for the Masters Programme for Particle Physics and Astrophysical Sciences (PARAS). The laboratory personnel also supervise doctoral, master and bachelor students in their thesis works. Here, the Laboratory works closely with the [&hellip;]<\/p>\n","protected":false},"author":8,"featured_media":0,"parent":0,"menu_order":0,"comment_status":"closed","ping_status":"closed","template":"","meta":{"footnotes":""},"class_list":["post-567","page","type-page","status-publish","hentry","post"],"_links":{"self":[{"href":"https:\/\/www.hip.fi\/detector-laboratory\/wp-json\/wp\/v2\/pages\/567","targetHints":{"allow":["GET"]}}],"collection":[{"href":"https:\/\/www.hip.fi\/detector-laboratory\/wp-json\/wp\/v2\/pages"}],"about":[{"href":"https:\/\/www.hip.fi\/detector-laboratory\/wp-json\/wp\/v2\/types\/page"}],"author":[{"embeddable":true,"href":"https:\/\/www.hip.fi\/detector-laboratory\/wp-json\/wp\/v2\/users\/8"}],"replies":[{"embeddable":true,"href":"https:\/\/www.hip.fi\/detector-laboratory\/wp-json\/wp\/v2\/comments?post=567"}],"version-history":[{"count":1,"href":"https:\/\/www.hip.fi\/detector-laboratory\/wp-json\/wp\/v2\/pages\/567\/revisions"}],"predecessor-version":[{"id":677,"href":"https:\/\/www.hip.fi\/detector-laboratory\/wp-json\/wp\/v2\/pages\/567\/revisions\/677"}],"wp:attachment":[{"href":"https:\/\/www.hip.fi\/detector-laboratory\/wp-json\/wp\/v2\/media?parent=567"}],"curies":[{"name":"wp","href":"https:\/\/api.w.org\/{rel}","templated":true}]}}