{"id":30,"date":"2013-09-24T07:02:15","date_gmt":"2013-09-24T07:02:15","guid":{"rendered":"http:\/\/research.hip.fi\/user\/tuominiemi\/?page_id=30"},"modified":"2013-09-24T07:02:15","modified_gmt":"2013-09-24T07:02:15","slug":"suomenkieliset-artikkelit","status":"publish","type":"page","link":"https:\/\/www.hip.fi\/tuominiemi\/suomenkieliset-artikkelit\/","title":{"rendered":"Suomenkieliset artikkelit"},"content":{"rendered":"<h4>Articles in Science magazines for teachers and general public<br \/>Luettelo yleistajuisista ja opettajille tarkoitetuista artikkeleista<\/h4>\n<p>Jorma Tuominiemi,<br \/><i>\u00a0<\/i><em>Very Big Accelerator (VBA) ja Suomi -Suurenergiafysiikan kiihdytinlaitteistojen suunnittelua eilen ja t\u00e4n\u00e4\u00e4n,<\/em> Arkhimedes 2-3\/2020, 43-50 (2020)<\/p>\n<p>J.Tuominiemi,<br \/><i>\u00a0CERNin uutisia,<br \/><\/i>\u00a0Arkhimedes 4\/2007, 5-6 (2007)<\/p>\n<p>J.Tuominiemi,<br \/><i>Kommentteja kirjasta &#8220;Angels and Demons&#8221;,<\/i><br \/>Dimensio 5\/2006, 58-59 (2006)<\/p>\n<p>J.Tuominiemi,<br \/><i>CERNin uutisia,<\/i><br \/>Arkhimedes 5\/2005, 12-15 (2005)<\/p>\n<p>J.Tuominiemi,<br \/><i>CERNiss\u00e4 vahdinvaihto ja uusia tuulia,<\/i><br \/>Arkhimedes 1\/2004, 9-12 (2004)<\/p>\n<p>J.Tuominiemi,<br \/><i>Miten W ja Z l\u00f6ydettiin? &#8211; 20 vuotta CERN:n suuresta saavutuksesta,<\/i><br \/>Arkhimedes 2\/2003, 21-30 (2003)<\/p>\n<p>J.Tuominiemi,<br \/><i>CERN keskitt\u00e4\u00e4 resurssinsa LHC:n rakentamiseen,<\/i><br \/>Arkhimedes 4\/2002, 6-8 (2004)<\/p>\n<p>J.Tuominiemi,<br \/><i>CERN sulkee LEP-t\u00f6rm\u00e4yttimen ja suuntaa LHC:hen,<\/i><br \/>Arkhimedes 1\/2001, 7-8 (2001)<\/p>\n<p>J.Tuominiemi<br \/><i>CERN vastaa 2000-luvun haasteisiin,<\/i><br \/>Arkhimedes 1\/2000, 11-12 (2000)<\/p>\n<p>J.Tuominiemi,<br \/><i>CERN in uutisia,<\/i><br \/>Arkhimedes 1\/99 (1999).<\/p>\n<p>K.Kajantie, J.Tuominiemi,<br \/><i>Kvarkkiaine, tavoiteltu \u00e4\u00e4ritila,<\/i><br \/>Tiede 2000 2\/96, 55-57 (1996).<\/p>\n<p>J.Tuominiemi,<br \/><i>CERN teki suuret koep\u00e4\u00e4t\u00f6ksens\u00e4,<\/i><br \/>Arkhimedes 4\/95, 334-336 (1995).<\/p>\n<p>J.Tuominiemi,<br \/><i>Hiukkasfyysikot t\u00e4hy\u00e4v\u00e4t vuoteen 2004,<\/i><br \/>Tiede 2000 2\/95, 14-15 (1995).<\/p>\n<p>J. Tuominiemi<br \/><i>&#8220;Top-kvarkki on totta&#8221;,<\/i><br \/>Fysiikka t\u00e4n\u00e4\u00e4n, 2\/95, 10-12 (1995)<\/p>\n<p>J. Tuominiemi<br \/><i>Energianvahvistin &#8211; hiukkaskiihdyttimen avulla toimiva ydinreaktori,<\/i><br \/>Dimensio (Science Magazine for Mathematics and Physics teachers in Finland)<br \/>2\/94, 10-13 (1994).<\/p>\n<p>J. Tuominiemi<br \/><i>&#8220;Top &amp; Higgs, kiihke\u00e4 etsint\u00e4 jatkuu&#8221;,<\/i><br \/>Tiede 2000 1\/93, 5-9 (1993).<\/p>\n<p>J. Tuominiemi<br \/><i>&#8220;Nobelin fysiikan palkinto lankakammioiden kehitt\u00e4j\u00e4lle&#8221;,<\/i><br \/>Fysiikka t\u00e4n\u00e4\u00e4n , 4\/92, 8-10 (1992).<\/p>\n<p><i>J. Tuominiemi<\/i><br \/><i>&#8220;Mit\u00e4 on hiukkastutkimus&#8221;,<\/i><br \/>Article in the annual &#8220;Mit\u00e4-Miss\u00e4-Milloin&#8221; 1991 (publisher Otava, 1991).<\/p>\n<p><i>J. Tuominiemi<\/i><br \/><i>&#8220;T\u00e4\u00e4ll\u00e4 CERN&#8221;,<\/i><br \/>Tiede 2000 4\/91, 9-10 (1991).<\/p>\n<p><i>J. Tuominiemi:<\/i><br \/>artikkelit hakusanoista alkeishiukkasfysiikka, hiukkaskiihdyttimet, hiukkasilmaisimet, CERN, Otavan Suuren Ensyklopedian t\u00e4ydennysosaan 1990 (Otava 1990).<\/p>\n<p><i>J. Tuominiemi:<\/i><br \/><i>&#8220;Vuoden 1988 Nobelin fysiikan palkinto&#8221;<\/i><br \/>Fysiikka T\u00e4n\u00e4\u00e4n (News Magazine of the Finnish Physical Society) 4\/88, 8-9 (1988).<\/p>\n<p><i>J. Tuominiemi:<\/i><br \/><i>Kvantti-ilmi\u00f6it\u00e4,<\/i><br \/>Dimensio (Science Magazine for Mathematics and Physics teachers in Finland)<br \/>7\/87, 42-47 (1987).<\/p>\n<p><i>J. Tuominiemi:<\/i><br \/><i>Hiukkaskiihdyttimet, hiukkasilmaisimet,<\/i><br \/>Articles on particle accelerators and particle detectors in the Finnish edition of the Encyclopedia Larousse, &#8220;Otavan Suuri Ensyklopedia&#8221; (publisher Otava, Finland, 1986).<\/p>\n<p><i>J. Tuominiemi:<\/i><br \/>Uutisia: Kuudes kvarkki l\u00f6ytyy?<br \/>Arkhimedes 36, 192-193 (1984)<\/p>\n<p><i>J. Tuominiemi:<\/i><br \/><i>V\u00e4libosonin olemassaolon arvoitus ratkaistu,<\/i><br \/>Arkhimedes 35, 221-237 (1983).<\/p>\n<p><i>J. Tuominiemi:<\/i><br \/><i>Miten protonin sis\u00e4\u00e4n n\u00e4hd\u00e4\u00e4n?<\/i><br \/>article in the book &#8220;Maailmankaikkeus pienimm\u00e4st\u00e4 suurimpaan&#8221;<br \/>(publisher WSOY, Finland, 1983), 57-80 (1983).<\/p>\n<p><i>J. Tuominiemi:<\/i><br \/><i>Miten hiukkasia havaitaan,<\/i><br \/>article in the book &#8220;Alkeishiukkasten maailma, kvarkeista aikojen alkuun&#8221; (published by Finnish Physical Society and Society of Astronomy URSA, Finland, 1980, 55-88 (1980).<\/p>\n<p><i>J. Tuominiemi:<\/i><br \/><i>Suurenergiafysiikan tutkimusta UNIVAC 1108:lla,<\/i><br \/>UNIVAC-uutisia n:o (1979), 4-7.<\/p>\n<p><i>J.Tuominiemi:<\/i><br \/><i>Uusia alkeishiukkasia,<\/i><br \/>Matemaattisten Aineiden Aikakauskirja n:o 2 (Science Magazine for the Mathematics and Physics teachers in Finland) (1975), 75-81.<\/p>\n<p>K. Kajantie,\u00a0<i>J. Tuominiemi:<\/i><br \/><i>Kokeellinen hiukkasfysiikka Euroopassa 1970-luvulla,<\/i><br \/>Arkhimedes (Magazine of the Finnish Physical Society) 2 (1970), 20-31.<\/p>\n<h4>Articles in newspapers<br \/>Sanomalehtiartikkelit<\/h4>\n<p><i>J.Tuominiemi<\/i><br \/><i>Kvarkilla ehk\u00e4 my\u00f6s sis\u00e4inen rakenne,<\/i><br \/>Helsingin Sanomat, science colums, 10.2.1996.<\/p>\n<p><i>J. Tuominiemi<\/i>:<br \/><i>CERN hy\u00f6dytt\u00e4\u00e4 kansallistakin tutkimusta<\/i>,<br \/>Helsingin Sanomat, 30.12.87<\/p>\n<p><i>J. Tuominiemi<\/i><br \/><i>Yh\u00e4 syvemm\u00e4lle aineen salaisuuksiin,<\/i><br \/>Helsingin Sanomat,\u00a0science colums, 6.11.1987<\/p>\n<p><i>J. Tuominiemi:<\/i><br \/><i>CERNiss\u00e4 mets\u00e4stet\u00e4\u00e4n Zo-hiukkasta,<\/i><br \/>Helsingin Sanomat, science colums, 28.5.1983.<\/p>\n<p><i>J. Tuominiemi:<\/i><br \/><i>CERN hankkii uutta tietoa aineen perusrakenteesta,<\/i><br \/>Helsingin Sanomat, science colums, 23.1.1982.<\/p>\n<h4>Muut<\/h4>\n<p><i>J.Tuominiemi<\/i><br \/><i>Hiukkasen Geneven historiaa,<\/i><br \/>Omakustanne, Geneve 2005, ISBN:952-473-604-7.<\/p>\n<p><i>J.Tuominiemi<\/i><br \/><em>Kuplakammiofysiikasta Higgsin bosoniin, s<\/em><em>uomalaisen kokeellisen hiukkasfysiikan viisi ensimm\u00e4ist\u00e4 vuosikymment\u00e4, <\/em>Fysiikan tutkimuslaitos (HIP), ISBN: 978-951-51-4758-5, Helsinki 2018<\/p>\n\n\n<p><\/p>\n","protected":false},"excerpt":{"rendered":"<p>Articles in Science magazines for teachers and general publicLuettelo yleistajuisista ja opettajille tarkoitetuista artikkeleista Jorma Tuominiemi,\u00a0Very Big Accelerator (VBA) ja Suomi -Suurenergiafysiikan kiihdytinlaitteistojen suunnittelua eilen ja t\u00e4n\u00e4\u00e4n, Arkhimedes 2-3\/2020, 43-50 (2020) J.Tuominiemi,\u00a0CERNin uutisia,\u00a0Arkhimedes 4\/2007, 5-6 (2007) J.Tuominiemi,Kommentteja kirjasta &#8220;Angels and Demons&#8221;,Dimensio 5\/2006, 58-59 (2006) J.Tuominiemi,CERNin uutisia,Arkhimedes 5\/2005, 12-15 (2005) J.Tuominiemi,CERNiss\u00e4 vahdinvaihto ja uusia tuulia,Arkhimedes 1\/2004,<\/p>\n<div class=\"more-link\">\n\t\t\t\t <a href=\"https:\/\/www.hip.fi\/tuominiemi\/suomenkieliset-artikkelit\/\" class=\"link-btn theme-btn\"><span>Read More <\/span> <i class=\"fa fa-caret-right\"><\/i><\/a>\n\t\t\t<\/div>\n","protected":false},"author":1,"featured_media":0,"parent":0,"menu_order":0,"comment_status":"closed","ping_status":"closed","template":"","meta":{"footnotes":""},"class_list":["post-30","page","type-page","status-publish","hentry"],"_links":{"self":[{"href":"https:\/\/www.hip.fi\/tuominiemi\/wp-json\/wp\/v2\/pages\/30","targetHints":{"allow":["GET"]}}],"collection":[{"href":"https:\/\/www.hip.fi\/tuominiemi\/wp-json\/wp\/v2\/pages"}],"about":[{"href":"https:\/\/www.hip.fi\/tuominiemi\/wp-json\/wp\/v2\/types\/page"}],"author":[{"embeddable":true,"href":"https:\/\/www.hip.fi\/tuominiemi\/wp-json\/wp\/v2\/users\/1"}],"replies":[{"embeddable":true,"href":"https:\/\/www.hip.fi\/tuominiemi\/wp-json\/wp\/v2\/comments?post=30"}],"version-history":[{"count":0,"href":"https:\/\/www.hip.fi\/tuominiemi\/wp-json\/wp\/v2\/pages\/30\/revisions"}],"wp:attachment":[{"href":"https:\/\/www.hip.fi\/tuominiemi\/wp-json\/wp\/v2\/media?parent=30"}],"curies":[{"name":"wp","href":"https:\/\/api.w.org\/{rel}","templated":true}]}}